{"id":299,"date":"2025-02-24T15:07:11","date_gmt":"2025-02-24T20:07:11","guid":{"rendered":"https:\/\/greenwoodgrovemtl.com\/sabbats\/"},"modified":"2025-02-26T15:21:03","modified_gmt":"2025-02-26T20:21:03","slug":"sabbats","status":"publish","type":"page","link":"https:\/\/greenwoodgrovemtl.com\/fr\/sabbats\/","title":{"rendered":"Sabbats"},"content":{"rendered":"<div class=\"et_pb_section_0 et_pb_section et_section_regular et_flex_section\">\n<div class=\"et_pb_row_0 et_pb_row et_flex_row\">\n<div class=\"et_pb_column_0 et_pb_column et-last-child et_flex_column et_pb_css_mix_blend_mode_passthrough et_flex_column_24_24 et_flex_column_24_24_tablet et_flex_column_24_24_phone\">\n<div class=\"et_pb_text_0 et_pb_text et_pb_bg_layout_light et_pb_module et_flex_module preset--module--divi-text--75d480b0-33c2-45ba-9399-59933e8c935f\"><div class=\"et_pb_text_inner\"><h1>C\u00e9l\u00e9brations des Sabbats et des Solstices<\/h1>\n<\/div><\/div>\n\n<div class=\"et_pb_divider_0 et_pb_divider et_pb_space et_pb_divider_position_top et_pb_module\"><div class=\"et_pb_divider_internal\"><\/div><\/div>\n\n<div class=\"et_pb_text_1 et_pb_text et_pb_bg_layout_light et_pb_module et_flex_module\"><div class=\"et_pb_text_inner\"><p>Nous nous r\u00e9unissons \u00e0 chaque sabbat important, y compris les c\u00e9l\u00e9brations du solstice et de l'\u00e9quinoxe. Ces jours-l\u00e0, tout le monde peut se joindre \u00e0 nous pour c\u00e9l\u00e9brer le changement d'ann\u00e9e, participer aux march\u00e9s et foires o\u00f9 nous c\u00e9l\u00e9brons nos artisans et faisons des achats au sein de notre communaut\u00e9.<\/p>\n<\/div><\/div>\n<\/div>\n<\/div>\n\n<div class=\"et_pb_row_1 et_pb_row et_flex_row\">\n<div class=\"et_pb_column_1 et_pb_column et_flex_column et_pb_css_mix_blend_mode_passthrough et_flex_column_24_24 et_flex_column_24_24_tablet et_flex_column_24_24_phone\">\n<div class=\"et_pb_image_0 et_pb_image et_pb_image_sticky et_pb_module et_flex_module\"><span class=\"et_pb_image_wrap\"><img loading=\"lazy\" decoding=\"async\" src=\"https:\/\/greenwoodgrovemtl.com\/wp-content\/uploads\/2025\/02\/Yule.webp\" title=\"Yule\" width=\"444\" height=\"351\" srcset=\"https:\/\/greenwoodgrovemtl.com\/wp-content\/uploads\/2025\/02\/Yule.webp 444w, https:\/\/greenwoodgrovemtl.com\/wp-content\/uploads\/2025\/02\/Yule-300x237.webp 300w\" sizes=\"(max-width: 444px) 100vw, 444px\" class=\"wp-image-163\" \/><\/span><\/div>\n<\/div>\n\n<div class=\"et_pb_column_2 et_pb_column et-last-child et_flex_column et_pb_css_mix_blend_mode_passthrough et_flex_column_24_24 et_flex_column_24_24_tablet et_flex_column_24_24_phone\">\n<div class=\"et_pb_heading_0 et_pb_heading et_pb_module et_flex_module\"><div class=\"et_pb_heading_container\"><h1 class=\"et_pb_module_header\">Yule - Solstice d'hiver - D\u00e9cembre<\/h1><\/div><\/div>\n\n<div class=\"et_pb_text_2 et_pb_text et_pb_bg_layout_light et_pb_module et_flex_module\"><div class=\"et_pb_text_inner\"><p>L'une des plus anciennes traditions hivernales, Yule est une c\u00e9l\u00e9bration de la lumi\u00e8re au milieu de l'obscurit\u00e9. Nous nous rassemblons et faisons la f\u00eate, nous organisons une foire de No\u00ebl avec des produits et des objets artisanaux de nos artisans locaux et des membres de la communaut\u00e9 cr\u00e9ative.<\/p>\n<\/div><\/div>\n<\/div>\n<\/div>\n\n<div class=\"et_pb_row_2 et_pb_row et_flex_row\">\n<div class=\"et_pb_column_3 et_pb_column et_flex_column et_pb_css_mix_blend_mode_passthrough et_flex_column_24_24 et_flex_column_24_24_tablet et_flex_column_24_24_phone\">\n<div class=\"et_pb_image_1 et_pb_image et_pb_image_sticky et_pb_module et_flex_module\"><span class=\"et_pb_image_wrap\"><img loading=\"lazy\" decoding=\"async\" src=\"https:\/\/greenwoodgrovemtl.com\/wp-content\/uploads\/2025\/02\/Imbolc.webp\" title=\"Imbolc\" width=\"450\" height=\"350\" srcset=\"https:\/\/greenwoodgrovemtl.com\/wp-content\/uploads\/2025\/02\/Imbolc.webp 450w, https:\/\/greenwoodgrovemtl.com\/wp-content\/uploads\/2025\/02\/Imbolc-300x233.webp 300w\" sizes=\"(max-width: 450px) 100vw, 450px\" class=\"wp-image-165\" \/><\/span><\/div>\n<\/div>\n\n<div class=\"et_pb_column_4 et_pb_column et-last-child et_flex_column et_pb_css_mix_blend_mode_passthrough et_flex_column_24_24 et_flex_column_24_24_tablet et_flex_column_24_24_phone\">\n<div class=\"et_pb_heading_1 et_pb_heading et_pb_module et_flex_module\"><div class=\"et_pb_heading_container\"><h1 class=\"et_pb_module_header\">Imbolc - Janvier\/F\u00e9vrier<\/h1><\/div><\/div>\n\n<div class=\"et_pb_text_3 et_pb_text et_pb_bg_layout_light et_pb_module et_flex_module\"><div class=\"et_pb_text_inner\"><p>Imbolc est la f\u00eate de la fertilit\u00e9 au milieu de l'hiver. Nous nous tournons vers le printemps, vers la vie qui se pr\u00e9pare \u00e0 \u00e9merger, encore sous un manteau de neige, et nous nous concentrons sur le retour de la lumi\u00e8re du soleil qui grandit.<\/p>\n<\/div><\/div>\n<\/div>\n<\/div>\n\n<div class=\"et_pb_row_3 et_pb_row et_flex_row\">\n<div class=\"et_pb_column_5 et_pb_column et_flex_column et_pb_css_mix_blend_mode_passthrough et_flex_column_24_24 et_flex_column_24_24_tablet et_flex_column_24_24_phone\">\n<div class=\"et_pb_image_2 et_pb_image et_pb_image_sticky et_pb_module et_flex_module\"><span class=\"et_pb_image_wrap\"><img loading=\"lazy\" decoding=\"async\" src=\"https:\/\/greenwoodgrovemtl.com\/wp-content\/uploads\/2025\/02\/Ostara.webp\" title=\"Ostara\" width=\"450\" height=\"350\" srcset=\"https:\/\/greenwoodgrovemtl.com\/wp-content\/uploads\/2025\/02\/Ostara.webp 450w, https:\/\/greenwoodgrovemtl.com\/wp-content\/uploads\/2025\/02\/Ostara-300x233.webp 300w\" sizes=\"(max-width: 450px) 100vw, 450px\" class=\"wp-image-167\" \/><\/span><\/div>\n<\/div>\n\n<div class=\"et_pb_column_6 et_pb_column et-last-child et_flex_column et_pb_css_mix_blend_mode_passthrough et_flex_column_24_24 et_flex_column_24_24_tablet et_flex_column_24_24_phone\">\n<div class=\"et_pb_heading_2 et_pb_heading et_pb_module et_flex_module\"><div class=\"et_pb_heading_container\"><h1 class=\"et_pb_module_header\">Ostara - \u00c9quinoxe de printemps - Mars<\/h1><\/div><\/div>\n\n<div class=\"et_pb_text_4 et_pb_text et_pb_bg_layout_light et_pb_module et_flex_module\"><div class=\"et_pb_text_inner\"><p>\u00c0 Ostara, nous c\u00e9l\u00e9brons l'arriv\u00e9e du printemps. C'est une p\u00e9riode de renouveau, d'\u00e9quilibre et de renaissance. Alors que la vie reprend le dessus apr\u00e8s la saison froide, nous nous d\u00e9lectons des symboles traditionnels de renaissance et de fertilit\u00e9 : planter des graines, des couronnes de fleurs printani\u00e8res et, bien s\u00fbr, des \u0153ufs.<\/p>\n<\/div><\/div>\n<\/div>\n<\/div>\n\n<div class=\"et_pb_row_4 et_pb_row et_flex_row\">\n<div class=\"et_pb_column_7 et_pb_column et_flex_column et_pb_css_mix_blend_mode_passthrough et_flex_column_24_24 et_flex_column_24_24_tablet et_flex_column_24_24_phone\">\n<div class=\"et_pb_image_3 et_pb_image et_pb_image_sticky et_pb_module et_flex_module\"><span class=\"et_pb_image_wrap\"><img loading=\"lazy\" decoding=\"async\" src=\"https:\/\/greenwoodgrovemtl.com\/wp-content\/uploads\/2025\/02\/Beltaine.webp\" title=\"Beltaine\" width=\"450\" height=\"350\" srcset=\"https:\/\/greenwoodgrovemtl.com\/wp-content\/uploads\/2025\/02\/Beltaine.webp 450w, https:\/\/greenwoodgrovemtl.com\/wp-content\/uploads\/2025\/02\/Beltaine-300x233.webp 300w\" sizes=\"(max-width: 450px) 100vw, 450px\" class=\"wp-image-169\" \/><\/span><\/div>\n<\/div>\n\n<div class=\"et_pb_column_8 et_pb_column et-last-child et_flex_column et_pb_css_mix_blend_mode_passthrough et_flex_column_24_24 et_flex_column_24_24_tablet et_flex_column_24_24_phone\">\n<div class=\"et_pb_heading_3 et_pb_heading et_pb_module et_flex_module\"><div class=\"et_pb_heading_container\"><h1 class=\"et_pb_module_header\">Beltane - Avril\/Mai<\/h1><\/div><\/div>\n\n<div class=\"et_pb_text_5 et_pb_text et_pb_bg_layout_light et_pb_module et_flex_module\"><div class=\"et_pb_text_inner\"><p>Traditionnellement c\u00e9l\u00e9br\u00e9e le 1er mai, Beltane est une f\u00eate qui c\u00e9l\u00e8bre l'apog\u00e9e du printemps, lorsque des feux de joie sont allum\u00e9s et que les gens dansent autour du m\u00e2t de mai. Nous nous r\u00e9unissons pour marquer le d\u00e9but de l'\u00e9t\u00e9 et c\u00e9l\u00e9brer l'amour, la sexualit\u00e9 et la fertilit\u00e9, alors que le printemps entre dans son apog\u00e9e.<\/p>\n<\/div><\/div>\n<\/div>\n<\/div>\n\n<div class=\"et_pb_row_5 et_pb_row et_flex_row\">\n<div class=\"et_pb_column_9 et_pb_column et_flex_column et_pb_css_mix_blend_mode_passthrough et_flex_column_24_24 et_flex_column_24_24_tablet et_flex_column_24_24_phone\">\n<div class=\"et_pb_image_4 et_pb_image et_pb_image_sticky et_pb_module et_flex_module\"><span class=\"et_pb_image_wrap\"><img loading=\"lazy\" decoding=\"async\" src=\"https:\/\/greenwoodgrovemtl.com\/wp-content\/uploads\/2025\/02\/Sunflower.webp\" title=\"Sunflower\" width=\"450\" height=\"350\" srcset=\"https:\/\/greenwoodgrovemtl.com\/wp-content\/uploads\/2025\/02\/Sunflower.webp 450w, https:\/\/greenwoodgrovemtl.com\/wp-content\/uploads\/2025\/02\/Sunflower-300x233.webp 300w\" sizes=\"(max-width: 450px) 100vw, 450px\" class=\"wp-image-175\" \/><\/span><\/div>\n<\/div>\n\n<div class=\"et_pb_column_10 et_pb_column et-last-child et_flex_column et_pb_css_mix_blend_mode_passthrough et_flex_column_24_24 et_flex_column_24_24_tablet et_flex_column_24_24_phone\">\n<div class=\"et_pb_heading_4 et_pb_heading et_pb_module et_flex_module\"><div class=\"et_pb_heading_container\"><h1 class=\"et_pb_module_header\">Litha - Solstice d'\u00e9t\u00e9 - Milieu de l'\u00e9t\u00e9 - Juin<\/h1><\/div><\/div>\n\n<div class=\"et_pb_text_6 et_pb_text et_pb_bg_layout_light et_pb_module et_flex_module\"><div class=\"et_pb_text_inner\"><p>Pour Litha, notre communaut\u00e9 se rassemble pour festoyer, \u00e9couter de la musique, jouer du tambour, danser et profiter de la pl\u00e9nitude de l'\u00e9t\u00e9. Nous d\u00e9corons souvent avec des tournesols et des soucis pour partager l'\u00e9nergie du soleil d'\u00e9t\u00e9.<\/p>\n<\/div><\/div>\n<\/div>\n<\/div>\n\n<div class=\"et_pb_row_6 et_pb_row et_flex_row\">\n<div class=\"et_pb_column_11 et_pb_column et_flex_column et_pb_css_mix_blend_mode_passthrough et_flex_column_24_24 et_flex_column_24_24_tablet et_flex_column_24_24_phone\">\n<div class=\"et_pb_image_5 et_pb_image et_pb_image_sticky et_pb_module et_flex_module\"><span class=\"et_pb_image_wrap\"><img loading=\"lazy\" decoding=\"async\" src=\"https:\/\/greenwoodgrovemtl.com\/wp-content\/uploads\/2025\/02\/Harvest.webp\" title=\"Harvest\" width=\"450\" height=\"350\" srcset=\"https:\/\/greenwoodgrovemtl.com\/wp-content\/uploads\/2025\/02\/Harvest.webp 450w, https:\/\/greenwoodgrovemtl.com\/wp-content\/uploads\/2025\/02\/Harvest-300x233.webp 300w\" sizes=\"(max-width: 450px) 100vw, 450px\" class=\"wp-image-173\" \/><\/span><\/div>\n<\/div>\n\n<div class=\"et_pb_column_12 et_pb_column et-last-child et_flex_column et_pb_css_mix_blend_mode_passthrough et_flex_column_24_24 et_flex_column_24_24_tablet et_flex_column_24_24_phone\">\n<div class=\"et_pb_heading_5 et_pb_heading et_pb_module et_flex_module\"><div class=\"et_pb_heading_container\"><h1 class=\"et_pb_module_header\">Lughnasa - Juillet\/Ao\u00fbt<\/h1><\/div><\/div>\n\n<div class=\"et_pb_text_7 et_pb_text et_pb_bg_layout_light et_pb_module et_flex_module\"><div class=\"et_pb_text_inner\"><p>Lughnasa est la premi\u00e8re c\u00e9l\u00e9bration des r\u00e9coltes de l'ann\u00e9e et nous organisons g\u00e9n\u00e9ralement un grand repas partag\u00e9 avec tous les l\u00e9gumes frais que nous pouvons trouver. Partager les bienfaits de la nature et r\u00e9colter les fruits du travail du printemps et de l'\u00e9t\u00e9, voil\u00e0 ce qui caract\u00e9rise Lughnasa.<\/p>\n<\/div><\/div>\n<\/div>\n<\/div>\n\n<div class=\"et_pb_row_7 et_pb_row et_flex_row\">\n<div class=\"et_pb_column_13 et_pb_column et_flex_column et_pb_css_mix_blend_mode_passthrough et_flex_column_24_24 et_flex_column_24_24_tablet et_flex_column_24_24_phone\">\n<div class=\"et_pb_image_6 et_pb_image et_pb_image_sticky et_pb_module et_flex_module\"><span class=\"et_pb_image_wrap\"><img loading=\"lazy\" decoding=\"async\" src=\"https:\/\/greenwoodgrovemtl.com\/wp-content\/uploads\/2025\/02\/Mabon.webp\" title=\"Mabon\" width=\"450\" height=\"350\" srcset=\"https:\/\/greenwoodgrovemtl.com\/wp-content\/uploads\/2025\/02\/Mabon.webp 450w, https:\/\/greenwoodgrovemtl.com\/wp-content\/uploads\/2025\/02\/Mabon-300x233.webp 300w\" sizes=\"(max-width: 450px) 100vw, 450px\" class=\"wp-image-177\" \/><\/span><\/div>\n<\/div>\n\n<div class=\"et_pb_column_14 et_pb_column et-last-child et_flex_column et_pb_css_mix_blend_mode_passthrough et_flex_column_24_24 et_flex_column_24_24_tablet et_flex_column_24_24_phone\">\n<div class=\"et_pb_heading_6 et_pb_heading et_pb_module et_flex_module\"><div class=\"et_pb_heading_container\"><h1 class=\"et_pb_module_header\">Mabon - \u00c9quinoxe d'automne - Septembre<\/h1><\/div><\/div>\n\n<div class=\"et_pb_text_8 et_pb_text et_pb_bg_layout_light et_pb_module et_flex_module\"><div class=\"et_pb_text_inner\"><p>\u00c0 Mabon, la r\u00e9colte bat son plein, nous d\u00e9corons avec les couleurs de l'automne, r\u00e9coltons les produits et nous rassemblons avec notre communaut\u00e9 en signe de gratitude pour marquer l'\u00e9quinoxe et la rotation de la roue.<\/p>\n<\/div><\/div>\n<\/div>\n<\/div>\n\n<div class=\"et_pb_row_8 et_pb_row et_flex_row\">\n<div class=\"et_pb_column_15 et_pb_column et_flex_column et_pb_css_mix_blend_mode_passthrough et_flex_column_24_24 et_flex_column_24_24_tablet et_flex_column_24_24_phone\">\n<div class=\"et_pb_image_7 et_pb_image et_pb_image_sticky et_pb_module et_flex_module\"><span class=\"et_pb_image_wrap\"><img loading=\"lazy\" decoding=\"async\" src=\"https:\/\/greenwoodgrovemtl.com\/wp-content\/uploads\/2025\/02\/Halloween.webp\" title=\"Halloween\" width=\"450\" height=\"350\" srcset=\"https:\/\/greenwoodgrovemtl.com\/wp-content\/uploads\/2025\/02\/Halloween.webp 450w, https:\/\/greenwoodgrovemtl.com\/wp-content\/uploads\/2025\/02\/Halloween-300x233.webp 300w\" sizes=\"(max-width: 450px) 100vw, 450px\" class=\"wp-image-171\" \/><\/span><\/div>\n<\/div>\n\n<div class=\"et_pb_column_16 et_pb_column et-last-child et_flex_column et_pb_css_mix_blend_mode_passthrough et_flex_column_24_24 et_flex_column_24_24_tablet et_flex_column_24_24_phone\">\n<div class=\"et_pb_heading_7 et_pb_heading et_pb_module et_flex_module\"><div class=\"et_pb_heading_container\"><h1 class=\"et_pb_module_header\">Samhain - Octobre\/Novembre<\/h1><\/div><\/div>\n\n<div class=\"et_pb_text_9 et_pb_text et_pb_bg_layout_light et_pb_module et_flex_module\"><div class=\"et_pb_text_inner\"><p>La fin de l'ann\u00e9e celtique, Samhain, est l'une des plus grandes c\u00e9l\u00e9brations du calendrier des sorci\u00e8res. Ce jour-l\u00e0, on dit que le voile entre le monde est mince et que les \u00eatres chers d\u00e9c\u00e9d\u00e9s peuvent venir passer une nuit. Nous organisons souvent des march\u00e9s de sorci\u00e8res ou des bals de sorci\u00e8res \u00e0 Samhain, et oui, nous nous d\u00e9guisons en costumes fantaisistes alors que le monde se dirige vers l'hiver.<\/p>\n<\/div><\/div>\n<\/div>\n<\/div>\n<\/div>","protected":false},"excerpt":{"rendered":"","protected":false},"author":1,"featured_media":0,"parent":0,"menu_order":0,"comment_status":"closed","ping_status":"closed","template":"","meta":{"_price":"","_stock":"","_tribe_ticket_header":"","_tribe_default_ticket_provider":"","_tribe_ticket_capacity":"0","_ticket_start_date":"","_ticket_end_date":"","_tribe_ticket_show_description":"","_tribe_ticket_show_not_going":false,"_tribe_ticket_use_global_stock":"","_tribe_ticket_global_stock_level":"","_global_stock_mode":"","_global_stock_cap":"","_tribe_rsvp_for_event":"","_tribe_ticket_going_count":"","_tribe_ticket_not_going_count":"","_tribe_tickets_list":"[]","_tribe_ticket_has_attendee_info_fields":false,"footnotes":"","_tec_slr_enabled":"","_tec_slr_layout":""},"class_list":["post-299","page","type-page","status-publish","hentry"],"yoast_head":"<!-- This site is optimized with the Yoast SEO plugin v27.2 - https:\/\/yoast.com\/product\/yoast-seo-wordpress\/ -->\n<title>Sabbats - Greenwood Grove Montreal<\/title>\n<meta name=\"robots\" content=\"index, follow, max-snippet:-1, max-image-preview:large, max-video-preview:-1\" \/>\n<link rel=\"canonical\" href=\"https:\/\/greenwoodgrovemtl.com\/fr\/sabbats\/\" \/>\n<meta property=\"og:locale\" content=\"fr_FR\" \/>\n<meta property=\"og:type\" content=\"article\" \/>\n<meta property=\"og:title\" content=\"Sabbats - Greenwood Grove Montreal\" \/>\n<meta property=\"og:url\" content=\"https:\/\/greenwoodgrovemtl.com\/fr\/sabbats\/\" \/>\n<meta property=\"og:site_name\" content=\"Greenwood Grove Montreal\" \/>\n<meta property=\"article:publisher\" content=\"https:\/\/www.facebook.com\/profile.php?id=61551071290539\" \/>\n<meta property=\"article:modified_time\" content=\"2025-02-26T20:21:03+00:00\" \/>\n<meta name=\"twitter:card\" content=\"summary_large_image\" \/>\n<script type=\"application\/ld+json\" class=\"yoast-schema-graph\">{\"@context\":\"https:\/\/schema.org\",\"@graph\":[{\"@type\":\"WebPage\",\"@id\":\"https:\/\/greenwoodgrovemtl.com\/fr\/sabbats\/\",\"url\":\"https:\/\/greenwoodgrovemtl.com\/fr\/sabbats\/\",\"name\":\"Sabbats - Greenwood Grove Montreal\",\"isPartOf\":{\"@id\":\"https:\/\/greenwoodgrovemtl.com\/fr\/#website\"},\"datePublished\":\"2025-02-24T20:07:11+00:00\",\"dateModified\":\"2025-02-26T20:21:03+00:00\",\"breadcrumb\":{\"@id\":\"https:\/\/greenwoodgrovemtl.com\/fr\/sabbats\/#breadcrumb\"},\"inLanguage\":\"fr-FR\",\"potentialAction\":[{\"@type\":\"ReadAction\",\"target\":[\"https:\/\/greenwoodgrovemtl.com\/fr\/sabbats\/\"]}]},{\"@type\":\"BreadcrumbList\",\"@id\":\"https:\/\/greenwoodgrovemtl.com\/fr\/sabbats\/#breadcrumb\",\"itemListElement\":[{\"@type\":\"ListItem\",\"position\":1,\"name\":\"Home\",\"item\":\"https:\/\/greenwoodgrovemtl.com\/fr\/\"},{\"@type\":\"ListItem\",\"position\":2,\"name\":\"Sabbats\"}]},{\"@type\":\"WebSite\",\"@id\":\"https:\/\/greenwoodgrovemtl.com\/fr\/#website\",\"url\":\"https:\/\/greenwoodgrovemtl.com\/fr\/\",\"name\":\"Greenwood Grove Montreal\",\"description\":\"Holistic Wellness and Spiritual Center\",\"publisher\":{\"@id\":\"https:\/\/greenwoodgrovemtl.com\/fr\/#organization\"},\"potentialAction\":[{\"@type\":\"SearchAction\",\"target\":{\"@type\":\"EntryPoint\",\"urlTemplate\":\"https:\/\/greenwoodgrovemtl.com\/fr\/?s={search_term_string}\"},\"query-input\":{\"@type\":\"PropertyValueSpecification\",\"valueRequired\":true,\"valueName\":\"search_term_string\"}}],\"inLanguage\":\"fr-FR\"},{\"@type\":\"Organization\",\"@id\":\"https:\/\/greenwoodgrovemtl.com\/fr\/#organization\",\"name\":\"Greenwood Grove Montreal\",\"url\":\"https:\/\/greenwoodgrovemtl.com\/fr\/\",\"logo\":{\"@type\":\"ImageObject\",\"inLanguage\":\"fr-FR\",\"@id\":\"https:\/\/greenwoodgrovemtl.com\/fr\/#\/schema\/logo\/image\/\",\"url\":\"https:\/\/greenwoodgrovemtl.com\/wp-content\/uploads\/2025\/02\/GreenwoodGroveLogoCircle.jpg\",\"contentUrl\":\"https:\/\/greenwoodgrovemtl.com\/wp-content\/uploads\/2025\/02\/GreenwoodGroveLogoCircle.jpg\",\"width\":960,\"height\":960,\"caption\":\"Greenwood Grove Montreal\"},\"image\":{\"@id\":\"https:\/\/greenwoodgrovemtl.com\/fr\/#\/schema\/logo\/image\/\"},\"sameAs\":[\"https:\/\/www.facebook.com\/profile.php?id=61551071290539\"]}]}<\/script>\n<!-- \/ Yoast SEO plugin. -->","yoast_head_json":{"title":"Sabbats - Greenwood Grove Montreal","robots":{"index":"index","follow":"follow","max-snippet":"max-snippet:-1","max-image-preview":"max-image-preview:large","max-video-preview":"max-video-preview:-1"},"canonical":"https:\/\/greenwoodgrovemtl.com\/fr\/sabbats\/","og_locale":"fr_FR","og_type":"article","og_title":"Sabbats - Greenwood Grove Montreal","og_url":"https:\/\/greenwoodgrovemtl.com\/fr\/sabbats\/","og_site_name":"Greenwood Grove Montreal","article_publisher":"https:\/\/www.facebook.com\/profile.php?id=61551071290539","article_modified_time":"2025-02-26T20:21:03+00:00","twitter_card":"summary_large_image","schema":{"@context":"https:\/\/schema.org","@graph":[{"@type":"WebPage","@id":"https:\/\/greenwoodgrovemtl.com\/fr\/sabbats\/","url":"https:\/\/greenwoodgrovemtl.com\/fr\/sabbats\/","name":"Sabbats - Greenwood Grove Montreal","isPartOf":{"@id":"https:\/\/greenwoodgrovemtl.com\/fr\/#website"},"datePublished":"2025-02-24T20:07:11+00:00","dateModified":"2025-02-26T20:21:03+00:00","breadcrumb":{"@id":"https:\/\/greenwoodgrovemtl.com\/fr\/sabbats\/#breadcrumb"},"inLanguage":"fr-FR","potentialAction":[{"@type":"ReadAction","target":["https:\/\/greenwoodgrovemtl.com\/fr\/sabbats\/"]}]},{"@type":"BreadcrumbList","@id":"https:\/\/greenwoodgrovemtl.com\/fr\/sabbats\/#breadcrumb","itemListElement":[{"@type":"ListItem","position":1,"name":"Home","item":"https:\/\/greenwoodgrovemtl.com\/fr\/"},{"@type":"ListItem","position":2,"name":"Sabbats"}]},{"@type":"WebSite","@id":"https:\/\/greenwoodgrovemtl.com\/fr\/#website","url":"https:\/\/greenwoodgrovemtl.com\/fr\/","name":"Greenwood Grove Montreal","description":"Holistic Wellness and Spiritual Center","publisher":{"@id":"https:\/\/greenwoodgrovemtl.com\/fr\/#organization"},"potentialAction":[{"@type":"SearchAction","target":{"@type":"EntryPoint","urlTemplate":"https:\/\/greenwoodgrovemtl.com\/fr\/?s={search_term_string}"},"query-input":{"@type":"PropertyValueSpecification","valueRequired":true,"valueName":"search_term_string"}}],"inLanguage":"fr-FR"},{"@type":"Organization","@id":"https:\/\/greenwoodgrovemtl.com\/fr\/#organization","name":"Greenwood Grove Montreal","url":"https:\/\/greenwoodgrovemtl.com\/fr\/","logo":{"@type":"ImageObject","inLanguage":"fr-FR","@id":"https:\/\/greenwoodgrovemtl.com\/fr\/#\/schema\/logo\/image\/","url":"https:\/\/greenwoodgrovemtl.com\/wp-content\/uploads\/2025\/02\/GreenwoodGroveLogoCircle.jpg","contentUrl":"https:\/\/greenwoodgrovemtl.com\/wp-content\/uploads\/2025\/02\/GreenwoodGroveLogoCircle.jpg","width":960,"height":960,"caption":"Greenwood Grove Montreal"},"image":{"@id":"https:\/\/greenwoodgrovemtl.com\/fr\/#\/schema\/logo\/image\/"},"sameAs":["https:\/\/www.facebook.com\/profile.php?id=61551071290539"]}]}},"ticketed":false,"_links":{"self":[{"href":"https:\/\/greenwoodgrovemtl.com\/fr\/wp-json\/wp\/v2\/pages\/299","targetHints":{"allow":["GET"]}}],"collection":[{"href":"https:\/\/greenwoodgrovemtl.com\/fr\/wp-json\/wp\/v2\/pages"}],"about":[{"href":"https:\/\/greenwoodgrovemtl.com\/fr\/wp-json\/wp\/v2\/types\/page"}],"author":[{"embeddable":true,"href":"https:\/\/greenwoodgrovemtl.com\/fr\/wp-json\/wp\/v2\/users\/1"}],"replies":[{"embeddable":true,"href":"https:\/\/greenwoodgrovemtl.com\/fr\/wp-json\/wp\/v2\/comments?post=299"}],"version-history":[{"count":1,"href":"https:\/\/greenwoodgrovemtl.com\/fr\/wp-json\/wp\/v2\/pages\/299\/revisions"}],"predecessor-version":[{"id":321,"href":"https:\/\/greenwoodgrovemtl.com\/fr\/wp-json\/wp\/v2\/pages\/299\/revisions\/321"}],"wp:attachment":[{"href":"https:\/\/greenwoodgrovemtl.com\/fr\/wp-json\/wp\/v2\/media?parent=299"}],"curies":[{"name":"wp","href":"https:\/\/api.w.org\/{rel}","templated":true}]}}