{"id":298,"date":"2025-02-22T18:51:33","date_gmt":"2025-02-22T23:51:33","guid":{"rendered":"https:\/\/greenwoodgrovemtl.com\/ressources\/"},"modified":"2026-03-20T23:38:44","modified_gmt":"2026-03-21T03:38:44","slug":"ressources","status":"publish","type":"page","link":"https:\/\/greenwoodgrovemtl.com\/fr\/ressources\/","title":{"rendered":"Ressources"},"content":{"rendered":"<div class=\"et_pb_section_0 et_pb_section et_section_regular et_block_section\">\n<div class=\"et_pb_row_0 et_pb_row et_block_row\">\n<div class=\"et_pb_column_0 et_pb_column et_pb_column_4_4 et-last-child et_block_column et_pb_css_mix_blend_mode_passthrough\">\n<div class=\"et_pb_text_0 et_pb_text et_pb_bg_layout_light et_pb_module et_block_module preset--module--divi-text--75d480b0-33c2-45ba-9399-59933e8c935f\"><div class=\"et_pb_text_inner\"><h1>Ressources<\/h1>\n<\/div><\/div>\n\n<div class=\"et_pb_divider_0 et_pb_divider et_pb_space et_pb_divider_position_top et_pb_module\"><div class=\"et_pb_divider_internal\"><\/div><\/div>\n<\/div>\n<\/div>\n\n<div class=\"et_pb_row_1 et_pb_row et_pb_equal_columns et_block_row\">\n<div class=\"et_pb_column_1 et_pb_column et_pb_column_1_2 et_block_column et_pb_css_mix_blend_mode_passthrough\">\n<div class=\"et_pb_image_0 et_pb_image et_pb_module et_block_module\"><span class=\"et_pb_image_wrap\"><img loading=\"lazy\" decoding=\"async\" src=\"https:\/\/greenwoodgrovemtl.com\/wp-content\/uploads\/2025\/02\/Lantern.webp\" width=\"300\" height=\"300\" srcset=\"https:\/\/greenwoodgrovemtl.com\/wp-content\/uploads\/2025\/02\/Lantern.webp 300w, https:\/\/greenwoodgrovemtl.com\/wp-content\/uploads\/2025\/02\/Lantern-150x150.webp 150w\" sizes=\"(max-width: 300px) 100vw, 300px\" class=\"wp-image-119\" title=\"Lantern\" \/><\/span><\/div>\n\n<div class=\"et_pb_text_1 et_pb_text et_pb_bg_layout_light et_pb_module et_block_module preset--module--divi-text--d2bd208d-c6aa-4359-9251-5d4f460e366d\"><div class=\"et_pb_text_inner\"><h4>Ateliers Greenwood Grove Montr\u00e9al<\/h4>\n<\/div><\/div>\n\n<div class=\"et_pb_text_2 et_pb_text et_pb_bg_layout_light et_pb_module et_block_module preset--module--divi-text--79b42c5e-3bc8-4d05-ab1d-5187f93b0b72\"><div class=\"et_pb_text_inner\"><p>Les ateliers de Greenwood Grove sont bas\u00e9s sur l'id\u00e9e d'un apprentissage ax\u00e9 sur la communaut\u00e9. Ils sont dirig\u00e9s par un large \u00e9ventail de membres de la communaut\u00e9, notamment des membres du Coven, des jeunes filles et des grandes pr\u00eatresses, qui se r\u00e9unissent pour partager leurs connaissances chaque semaine.<\/p>\n<\/div><\/div>\n\n<div class=\"et_pb_module et_pb_button_module_wrapper et_pb_button_0_wrapper preset--module--divi-button--default_wrapper\"><a class=\"et_pb_button_0 et_pb_button et_pb_bg_layout_light et_pb_bg_layout_dark_hover et_pb_module et_block_module preset--module--divi-button--default\" href=\"https:\/\/greenwoodgrovemtl.com\/fr\/ateliers\/\">Voir les ateliers<\/a><\/div>\n<\/div>\n\n<div class=\"et_pb_column_2 et_pb_column et_pb_column_1_2 et-last-child et_block_column et_pb_css_mix_blend_mode_passthrough\">\n<div class=\"et_pb_image_1 et_pb_image et_pb_module et_block_module\"><span class=\"et_pb_image_wrap\"><img loading=\"lazy\" decoding=\"async\" src=\"https:\/\/greenwoodgrovemtl.com\/wp-content\/uploads\/2025\/02\/Pumpkins.webp\" width=\"300\" height=\"300\" srcset=\"https:\/\/greenwoodgrovemtl.com\/wp-content\/uploads\/2025\/02\/Pumpkins.webp 300w, https:\/\/greenwoodgrovemtl.com\/wp-content\/uploads\/2025\/02\/Pumpkins-150x150.webp 150w\" sizes=\"(max-width: 300px) 100vw, 300px\" class=\"wp-image-121\" title=\"Pumpkins\" \/><\/span><\/div>\n\n<div class=\"et_pb_text_3 et_pb_text et_pb_bg_layout_light et_pb_module et_block_module preset--module--divi-text--d2bd208d-c6aa-4359-9251-5d4f460e366d\"><div class=\"et_pb_text_inner\"><h4 style=\"text-align: center;\">Sabbats publics et c\u00e9l\u00e9brations du solstice \u00e0 Greenwood Grove<\/h4>\n<\/div><\/div>\n\n<div class=\"et_pb_text_4 et_pb_text et_pb_bg_layout_light et_pb_module et_block_module preset--module--divi-text--79b42c5e-3bc8-4d05-ab1d-5187f93b0b72\"><div class=\"et_pb_text_inner\"><p>Nous nous r\u00e9unissons \u00e0 chaque sabbat important, y compris les c\u00e9l\u00e9brations du solstice et de l'\u00e9quinoxe. Ces jours-l\u00e0, tout le monde peut se joindre \u00e0 nous pour c\u00e9l\u00e9brer le changement d'ann\u00e9e, participer aux march\u00e9s et foires o\u00f9 nous c\u00e9l\u00e9brons nos artisans et faisons des achats au sein de notre communaut\u00e9.<\/p>\n<\/div><\/div>\n\n<div class=\"et_pb_module et_pb_button_module_wrapper et_pb_button_1_wrapper preset--module--divi-button--default_wrapper\"><a class=\"et_pb_button_1 et_pb_button et_pb_bg_layout_light et_pb_bg_layout_dark_hover et_pb_module et_block_module preset--module--divi-button--default\" href=\"https:\/\/greenwoodgrovemtl.com\/fr\/sabbats\/\">Voir les Sabbats<\/a><\/div>\n<\/div>\n<\/div>\n\n<div class=\"et_pb_row_2 et_pb_row et_pb_equal_columns et_block_row\">\n<div class=\"et_pb_column_3 et_pb_column et_pb_column_1_2 et_block_column et_pb_css_mix_blend_mode_passthrough\">\n<div class=\"et_pb_image_2 et_pb_image et_pb_module et_block_module\"><span class=\"et_pb_image_wrap\"><img loading=\"lazy\" decoding=\"async\" src=\"https:\/\/greenwoodgrovemtl.com\/wp-content\/uploads\/2025\/02\/Wheel-of-the-Year.webp\" width=\"300\" height=\"300\" srcset=\"https:\/\/greenwoodgrovemtl.com\/wp-content\/uploads\/2025\/02\/Wheel-of-the-Year.webp 300w, https:\/\/greenwoodgrovemtl.com\/wp-content\/uploads\/2025\/02\/Wheel-of-the-Year-150x150.webp 150w\" sizes=\"(max-width: 300px) 100vw, 300px\" class=\"wp-image-123\" title=\"Wheel of the Year\" \/><\/span><\/div>\n\n<div class=\"et_pb_text_5 et_pb_text et_pb_bg_layout_light et_pb_module et_block_module preset--module--divi-text--d2bd208d-c6aa-4359-9251-5d4f460e366d\"><div class=\"et_pb_text_inner\"><h4 style=\"text-align: center;\">\u00c9v\u00e9nements mensuels au <br \/>Greenwood Grove<\/h4>\n<\/div><\/div>\n\n<div class=\"et_pb_text_6 et_pb_text et_pb_bg_layout_light et_pb_module et_block_module preset--module--divi-text--79b42c5e-3bc8-4d05-ab1d-5187f93b0b72\"><div class=\"et_pb_text_inner\"><p>Plusieurs de nos \u00e9v\u00e9nements se r\u00e9p\u00e8tent chaque mois, comme le Full Moon Healing, le Women's Mysteries Circle, le Tea &amp; Tarot, ainsi que certains ateliers, \u00e9v\u00e9nements et r\u00e9unions de coven. D\u00e9couvrez ce qui se passe chaque mois dans notre calendrier et inscrivez-vous \u00e0 notre newsletter pour recevoir toute la nouvelle programmation dans votre bo\u00eete de r\u00e9ception.<\/p>\n<\/div><\/div>\n\n<div class=\"et_pb_module et_pb_button_module_wrapper et_pb_button_2_wrapper preset--module--divi-button--default_wrapper\"><a class=\"et_pb_button_2 et_pb_button et_pb_bg_layout_light et_pb_bg_layout_dark_hover et_pb_module et_block_module preset--module--divi-button--default\" href=\"https:\/\/greenwoodgrovemtl.com\/monthly-events\/\">Voir les \u00e9v\u00e9nements mensuels<\/a><\/div>\n<\/div>\n\n<div class=\"et_pb_column_4 et_pb_column et_pb_column_1_2 et-last-child et_block_column et_pb_css_mix_blend_mode_passthrough\">\n<div class=\"et_pb_image_3 et_pb_image et_pb_module et_block_module\"><span class=\"et_pb_image_wrap\"><img loading=\"lazy\" decoding=\"async\" src=\"https:\/\/greenwoodgrovemtl.com\/wp-content\/uploads\/2025\/02\/Candle.webp\" width=\"300\" height=\"300\" srcset=\"https:\/\/greenwoodgrovemtl.com\/wp-content\/uploads\/2025\/02\/Candle.webp 300w, https:\/\/greenwoodgrovemtl.com\/wp-content\/uploads\/2025\/02\/Candle-150x150.webp 150w\" sizes=\"(max-width: 300px) 100vw, 300px\" class=\"wp-image-126\" title=\"Candle\" \/><\/span><\/div>\n\n<div class=\"et_pb_text_7 et_pb_text et_pb_bg_layout_light et_pb_module et_block_module preset--module--divi-text--d2bd208d-c6aa-4359-9251-5d4f460e366d\"><div class=\"et_pb_text_inner\"><h4 style=\"text-align: center;\">Cours et parcours<\/h4>\n<\/div><\/div>\n\n<div class=\"et_pb_text_8 et_pb_text et_pb_bg_layout_light et_pb_module et_block_module preset--module--divi-text--79b42c5e-3bc8-4d05-ab1d-5187f93b0b72\"><div class=\"et_pb_text_inner\"><p>Pour ceux qui cherchent \u00e0 suivre un programme d'apprentissage \u00e9tabli ou qui cherchent \u00e0 approfondir leurs parcours choisis, nous proposons plusieurs s\u00e9ries de cours allant des \u00e9l\u00e9ments de la Wicca pour les d\u00e9butants, \u00e0 une formation sp\u00e9cialis\u00e9e en chamanique celtique et un coaching sur mesure pour de nombreux parcours.<\/p>\n<\/div><\/div>\n\n<div class=\"et_pb_module et_pb_button_module_wrapper et_pb_button_3_wrapper preset--module--divi-button--default_wrapper\"><a class=\"et_pb_button_3 et_pb_button et_pb_bg_layout_light et_pb_bg_layout_dark_hover et_pb_module et_block_module preset--module--divi-button--default\" href=\"https:\/\/greenwoodgrovemtl.com\/fr\/cours-et-cheminements\/\">Voir les cours<\/a><\/div>\n<\/div>\n<\/div>\n\n<div class=\"et_pb_row_3 et_pb_row et_pb_equal_columns et_block_row\">\n<div class=\"et_pb_column_5 et_pb_column et_pb_column_1_2 et_block_column et_pb_css_mix_blend_mode_passthrough\">\n<div class=\"et_pb_image_4 et_pb_image et_pb_module et_block_module\"><span class=\"et_pb_image_wrap\"><img loading=\"lazy\" decoding=\"async\" src=\"https:\/\/greenwoodgrovemtl.com\/wp-content\/uploads\/2025\/02\/Ceremony.webp\" width=\"300\" height=\"300\" srcset=\"https:\/\/greenwoodgrovemtl.com\/wp-content\/uploads\/2025\/02\/Ceremony.webp 300w, https:\/\/greenwoodgrovemtl.com\/wp-content\/uploads\/2025\/02\/Ceremony-150x150.webp 150w\" sizes=\"(max-width: 300px) 100vw, 300px\" class=\"wp-image-128\" title=\"Ceremony\" \/><\/span><\/div>\n\n<div class=\"et_pb_text_9 et_pb_text et_pb_bg_layout_light et_pb_module et_block_module preset--module--divi-text--d2bd208d-c6aa-4359-9251-5d4f460e366d\"><div class=\"et_pb_text_inner\"><h4 style=\"text-align: center;\">Services offerts par des praticiens agr\u00e9\u00e9s<\/h4>\n<\/div><\/div>\n\n<div class=\"et_pb_text_10 et_pb_text et_pb_bg_layout_light et_pb_module et_block_module preset--module--divi-text--79b42c5e-3bc8-4d05-ab1d-5187f93b0b72\"><div class=\"et_pb_text_inner\"><p>Le Greenwood Grove propose de nombreux services par des professionnels agr\u00e9\u00e9s dans leur domaine, du conseil spirituel \u00e0 la psychoth\u00e9rapie psycho-holistique, et des rituels de mariage \u00e0 la c\u00e9l\u00e9bration de mariages civils.<\/p>\n<\/div><\/div>\n\n<div class=\"et_pb_module et_pb_button_module_wrapper et_pb_button_4_wrapper preset--module--divi-button--default_wrapper\"><a class=\"et_pb_button_4 et_pb_button et_pb_bg_layout_light et_pb_bg_layout_dark_hover et_pb_module et_block_module preset--module--divi-button--default\" href=\"https:\/\/greenwoodgrovemtl.com\/fr\/services\/\">Voir les Services<\/a><\/div>\n<\/div>\n\n<div class=\"et_pb_column_6 et_pb_column et_pb_column_1_2 et-last-child et_block_column et_pb_css_mix_blend_mode_passthrough\">\n<div class=\"et_pb_image_5 et_pb_image et_pb_module et_block_module\"><span class=\"et_pb_image_wrap\"><img loading=\"lazy\" decoding=\"async\" src=\"https:\/\/greenwoodgrovemtl.com\/wp-content\/uploads\/2025\/02\/Books.webp\" width=\"300\" height=\"300\" srcset=\"https:\/\/greenwoodgrovemtl.com\/wp-content\/uploads\/2025\/02\/Books.webp 300w, https:\/\/greenwoodgrovemtl.com\/wp-content\/uploads\/2025\/02\/Books-150x150.webp 150w\" sizes=\"(max-width: 300px) 100vw, 300px\" class=\"wp-image-130\" title=\"Books\" \/><\/span><\/div>\n\n<div class=\"et_pb_text_11 et_pb_text et_pb_bg_layout_light et_pb_module et_block_module preset--module--divi-text--d2bd208d-c6aa-4359-9251-5d4f460e366d\"><div class=\"et_pb_text_inner\"><h4 style=\"text-align: center;\">Les archives des sorci\u00e8res<\/h4>\n<\/div><\/div>\n\n<div class=\"et_pb_text_12 et_pb_text et_pb_bg_layout_light et_pb_module et_block_module preset--module--divi-text--79b42c5e-3bc8-4d05-ab1d-5187f93b0b72\"><div class=\"et_pb_text_inner\"><p>Les archives des sorci\u00e8res de Greenwood Grove font r\u00e9f\u00e9rence \u00e0 une collection de connaissances, de sorts et de rituels partag\u00e9s par nos s\u0153urs et fr\u00e8res en magie. C'est un d\u00e9p\u00f4t de sagesse, d\u00e9taillant divers aspects de la magie, et dans ses pages mystiques, on trouvera les secrets des \u00e9l\u00e9ments, des \u00e9nergies c\u00e9lestes et des cycles de la nature.<\/p>\n<\/div><\/div>\n<\/div>\n<\/div>\n<\/div>","protected":false},"excerpt":{"rendered":"","protected":false},"author":1,"featured_media":0,"parent":0,"menu_order":0,"comment_status":"closed","ping_status":"closed","template":"","meta":{"_price":"","_stock":"","_tribe_ticket_header":"","_tribe_default_ticket_provider":"","_tribe_ticket_capacity":"0","_ticket_start_date":"","_ticket_end_date":"","_tribe_ticket_show_description":"","_tribe_ticket_show_not_going":false,"_tribe_ticket_use_global_stock":"","_tribe_ticket_global_stock_level":"","_global_stock_mode":"","_global_stock_cap":"","_tribe_rsvp_for_event":"","_tribe_ticket_going_count":"","_tribe_ticket_not_going_count":"","_tribe_tickets_list":"[]","_tribe_ticket_has_attendee_info_fields":false,"footnotes":"","_tec_slr_enabled":"","_tec_slr_layout":""},"class_list":["post-298","page","type-page","status-publish","hentry"],"yoast_head":"<!-- This site is optimized with the Yoast SEO plugin v27.2 - https:\/\/yoast.com\/product\/yoast-seo-wordpress\/ -->\n<title>Ressources - Greenwood Grove Montreal<\/title>\n<meta name=\"robots\" content=\"index, follow, max-snippet:-1, max-image-preview:large, max-video-preview:-1\" \/>\n<link rel=\"canonical\" href=\"https:\/\/greenwoodgrovemtl.com\/fr\/ressources\/\" \/>\n<meta property=\"og:locale\" content=\"fr_FR\" \/>\n<meta property=\"og:type\" content=\"article\" \/>\n<meta property=\"og:title\" content=\"Ressources - Greenwood Grove Montreal\" \/>\n<meta property=\"og:url\" content=\"https:\/\/greenwoodgrovemtl.com\/fr\/ressources\/\" \/>\n<meta property=\"og:site_name\" content=\"Greenwood Grove Montreal\" \/>\n<meta property=\"article:publisher\" content=\"https:\/\/www.facebook.com\/profile.php?id=61551071290539\" \/>\n<meta property=\"article:modified_time\" content=\"2026-03-21T03:38:44+00:00\" \/>\n<meta name=\"twitter:card\" content=\"summary_large_image\" \/>\n<script type=\"application\/ld+json\" class=\"yoast-schema-graph\">{\"@context\":\"https:\/\/schema.org\",\"@graph\":[{\"@type\":\"WebPage\",\"@id\":\"https:\/\/greenwoodgrovemtl.com\/fr\/ressources\/\",\"url\":\"https:\/\/greenwoodgrovemtl.com\/fr\/ressources\/\",\"name\":\"Ressources - Greenwood Grove Montreal\",\"isPartOf\":{\"@id\":\"https:\/\/greenwoodgrovemtl.com\/fr\/#website\"},\"datePublished\":\"2025-02-22T23:51:33+00:00\",\"dateModified\":\"2026-03-21T03:38:44+00:00\",\"breadcrumb\":{\"@id\":\"https:\/\/greenwoodgrovemtl.com\/fr\/ressources\/#breadcrumb\"},\"inLanguage\":\"fr-FR\",\"potentialAction\":[{\"@type\":\"ReadAction\",\"target\":[\"https:\/\/greenwoodgrovemtl.com\/fr\/ressources\/\"]}]},{\"@type\":\"BreadcrumbList\",\"@id\":\"https:\/\/greenwoodgrovemtl.com\/fr\/ressources\/#breadcrumb\",\"itemListElement\":[{\"@type\":\"ListItem\",\"position\":1,\"name\":\"Home\",\"item\":\"https:\/\/greenwoodgrovemtl.com\/fr\/\"},{\"@type\":\"ListItem\",\"position\":2,\"name\":\"Ressources\"}]},{\"@type\":\"WebSite\",\"@id\":\"https:\/\/greenwoodgrovemtl.com\/fr\/#website\",\"url\":\"https:\/\/greenwoodgrovemtl.com\/fr\/\",\"name\":\"Greenwood Grove Montreal\",\"description\":\"Holistic Wellness and Spiritual Center\",\"publisher\":{\"@id\":\"https:\/\/greenwoodgrovemtl.com\/fr\/#organization\"},\"potentialAction\":[{\"@type\":\"SearchAction\",\"target\":{\"@type\":\"EntryPoint\",\"urlTemplate\":\"https:\/\/greenwoodgrovemtl.com\/fr\/?s={search_term_string}\"},\"query-input\":{\"@type\":\"PropertyValueSpecification\",\"valueRequired\":true,\"valueName\":\"search_term_string\"}}],\"inLanguage\":\"fr-FR\"},{\"@type\":\"Organization\",\"@id\":\"https:\/\/greenwoodgrovemtl.com\/fr\/#organization\",\"name\":\"Greenwood Grove Montreal\",\"url\":\"https:\/\/greenwoodgrovemtl.com\/fr\/\",\"logo\":{\"@type\":\"ImageObject\",\"inLanguage\":\"fr-FR\",\"@id\":\"https:\/\/greenwoodgrovemtl.com\/fr\/#\/schema\/logo\/image\/\",\"url\":\"https:\/\/greenwoodgrovemtl.com\/wp-content\/uploads\/2025\/02\/GreenwoodGroveLogoCircle.jpg\",\"contentUrl\":\"https:\/\/greenwoodgrovemtl.com\/wp-content\/uploads\/2025\/02\/GreenwoodGroveLogoCircle.jpg\",\"width\":960,\"height\":960,\"caption\":\"Greenwood Grove Montreal\"},\"image\":{\"@id\":\"https:\/\/greenwoodgrovemtl.com\/fr\/#\/schema\/logo\/image\/\"},\"sameAs\":[\"https:\/\/www.facebook.com\/profile.php?id=61551071290539\"]}]}<\/script>\n<!-- \/ Yoast SEO plugin. -->","yoast_head_json":{"title":"Ressources - Greenwood Grove Montreal","robots":{"index":"index","follow":"follow","max-snippet":"max-snippet:-1","max-image-preview":"max-image-preview:large","max-video-preview":"max-video-preview:-1"},"canonical":"https:\/\/greenwoodgrovemtl.com\/fr\/ressources\/","og_locale":"fr_FR","og_type":"article","og_title":"Ressources - Greenwood Grove Montreal","og_url":"https:\/\/greenwoodgrovemtl.com\/fr\/ressources\/","og_site_name":"Greenwood Grove Montreal","article_publisher":"https:\/\/www.facebook.com\/profile.php?id=61551071290539","article_modified_time":"2026-03-21T03:38:44+00:00","twitter_card":"summary_large_image","schema":{"@context":"https:\/\/schema.org","@graph":[{"@type":"WebPage","@id":"https:\/\/greenwoodgrovemtl.com\/fr\/ressources\/","url":"https:\/\/greenwoodgrovemtl.com\/fr\/ressources\/","name":"Ressources - Greenwood Grove Montreal","isPartOf":{"@id":"https:\/\/greenwoodgrovemtl.com\/fr\/#website"},"datePublished":"2025-02-22T23:51:33+00:00","dateModified":"2026-03-21T03:38:44+00:00","breadcrumb":{"@id":"https:\/\/greenwoodgrovemtl.com\/fr\/ressources\/#breadcrumb"},"inLanguage":"fr-FR","potentialAction":[{"@type":"ReadAction","target":["https:\/\/greenwoodgrovemtl.com\/fr\/ressources\/"]}]},{"@type":"BreadcrumbList","@id":"https:\/\/greenwoodgrovemtl.com\/fr\/ressources\/#breadcrumb","itemListElement":[{"@type":"ListItem","position":1,"name":"Home","item":"https:\/\/greenwoodgrovemtl.com\/fr\/"},{"@type":"ListItem","position":2,"name":"Ressources"}]},{"@type":"WebSite","@id":"https:\/\/greenwoodgrovemtl.com\/fr\/#website","url":"https:\/\/greenwoodgrovemtl.com\/fr\/","name":"Greenwood Grove Montreal","description":"Holistic Wellness and Spiritual Center","publisher":{"@id":"https:\/\/greenwoodgrovemtl.com\/fr\/#organization"},"potentialAction":[{"@type":"SearchAction","target":{"@type":"EntryPoint","urlTemplate":"https:\/\/greenwoodgrovemtl.com\/fr\/?s={search_term_string}"},"query-input":{"@type":"PropertyValueSpecification","valueRequired":true,"valueName":"search_term_string"}}],"inLanguage":"fr-FR"},{"@type":"Organization","@id":"https:\/\/greenwoodgrovemtl.com\/fr\/#organization","name":"Greenwood Grove Montreal","url":"https:\/\/greenwoodgrovemtl.com\/fr\/","logo":{"@type":"ImageObject","inLanguage":"fr-FR","@id":"https:\/\/greenwoodgrovemtl.com\/fr\/#\/schema\/logo\/image\/","url":"https:\/\/greenwoodgrovemtl.com\/wp-content\/uploads\/2025\/02\/GreenwoodGroveLogoCircle.jpg","contentUrl":"https:\/\/greenwoodgrovemtl.com\/wp-content\/uploads\/2025\/02\/GreenwoodGroveLogoCircle.jpg","width":960,"height":960,"caption":"Greenwood Grove Montreal"},"image":{"@id":"https:\/\/greenwoodgrovemtl.com\/fr\/#\/schema\/logo\/image\/"},"sameAs":["https:\/\/www.facebook.com\/profile.php?id=61551071290539"]}]}},"ticketed":false,"_links":{"self":[{"href":"https:\/\/greenwoodgrovemtl.com\/fr\/wp-json\/wp\/v2\/pages\/298","targetHints":{"allow":["GET"]}}],"collection":[{"href":"https:\/\/greenwoodgrovemtl.com\/fr\/wp-json\/wp\/v2\/pages"}],"about":[{"href":"https:\/\/greenwoodgrovemtl.com\/fr\/wp-json\/wp\/v2\/types\/page"}],"author":[{"embeddable":true,"href":"https:\/\/greenwoodgrovemtl.com\/fr\/wp-json\/wp\/v2\/users\/1"}],"replies":[{"embeddable":true,"href":"https:\/\/greenwoodgrovemtl.com\/fr\/wp-json\/wp\/v2\/comments?post=298"}],"version-history":[{"count":3,"href":"https:\/\/greenwoodgrovemtl.com\/fr\/wp-json\/wp\/v2\/pages\/298\/revisions"}],"predecessor-version":[{"id":673,"href":"https:\/\/greenwoodgrovemtl.com\/fr\/wp-json\/wp\/v2\/pages\/298\/revisions\/673"}],"wp:attachment":[{"href":"https:\/\/greenwoodgrovemtl.com\/fr\/wp-json\/wp\/v2\/media?parent=298"}],"curies":[{"name":"wp","href":"https:\/\/api.w.org\/{rel}","templated":true}]}}