{"id":296,"date":"2025-02-22T18:14:46","date_gmt":"2025-02-22T23:14:46","guid":{"rendered":"https:\/\/greenwoodgrovemtl.com\/accueil\/"},"modified":"2025-04-06T19:40:44","modified_gmt":"2025-04-06T23:40:44","slug":"accueil","status":"publish","type":"page","link":"https:\/\/greenwoodgrovemtl.com\/fr\/","title":{"rendered":"Accueil"},"content":{"rendered":"<div class=\"et_pb_section_0 et_pb_section et_section_regular et_flex_section preset--module--divi-section--4e9tj18acc\">\n<div class=\"et_pb_row_0 et_pb_row et_flex_row\">\n<div class=\"et_pb_column_0 et_pb_column et_flex_column et_pb_css_mix_blend_mode_passthrough et_flex_column_24_24 et_flex_column_24_24_tablet et_flex_column_24_24_phone\">\n<div class=\"et_pb_text_0 et_pb_text et_pb_bg_layout_light et_pb_module et_flex_module preset--module--divi-text--75d480b0-33c2-45ba-9399-59933e8c935f\"><div class=\"et_pb_text_inner\"><h2>Bienvenue au Greenwood Grove Montr\u00e9al<\/h2>\n<\/div><\/div>\n\n<div class=\"et_pb_text_1 et_pb_text et_pb_bg_layout_light et_pb_module et_flex_module preset--module--divi-text--79b42c5e-3bc8-4d05-ab1d-5187f93b0b72\"><div class=\"et_pb_text_inner\"><p>Bienvenue au Greenwood Grove, un centre de bien-\u00eatre holistique et spirituel serein et dynamique d\u00e9di\u00e9 \u00e0 nourrir l'esprit, le corps et l'\u00e2me. Ici, nous cr\u00e9ons un espace de connexion communautaire \u00e0 travers une vari\u00e9t\u00e9 d'\u00e9v\u00e9nements, de cours et d'exp\u00e9riences con\u00e7us pour inspirer, \u00e9duquer et gu\u00e9rir.<br \/>Ensemble, nous partageons sagesse, soutien et croissance, tout au long de notre chemin, favorisant un profond sentiment d'appartenance pour tous ceux qui franchissent nos portes. <br \/>Que vous recherchiez la paix, la connaissance ou simplement un environnement favorable, tous sont les bienvenus pour nous rejoindre dans ce voyage transformateur.<\/p>\n<\/div><\/div>\n\n<div class=\"et_pb_module et_pb_button_module_wrapper et_pb_button_0_wrapper preset--module--divi-button--default_wrapper\"><a class=\"et_pb_button_0 et_pb_button et_pb_bg_layout_dark et_pb_bg_layout_dark_hover et_pb_module et_flex_module preset--module--divi-button--default\" href=\"https:\/\/greenwoodgrovemtl.com\/fr\/events\/\">Nos \u00c9v\u00e9nements<\/a><\/div>\n<\/div>\n\n<div class=\"et_pb_column_1 et_pb_column et-last-child et_flex_column et_pb_css_mix_blend_mode_passthrough et_flex_column_24_24 et_flex_column_24_24_tablet et_flex_column_24_24_phone\">\n<div class=\"et_pb_image_0 et_pb_image et_pb_module et_flex_module\"><span class=\"et_pb_image_wrap\"><img loading=\"lazy\" decoding=\"async\" src=\"https:\/\/greenwoodgrovemtl.com\/wp-content\/uploads\/2025\/02\/HomeImage.webp\" title=\"HomeImage\" width=\"1000\" height=\"1014\" srcset=\"https:\/\/greenwoodgrovemtl.com\/wp-content\/uploads\/2025\/02\/HomeImage.webp 1000w, https:\/\/greenwoodgrovemtl.com\/wp-content\/uploads\/2025\/02\/HomeImage-980x994.webp 980w, https:\/\/greenwoodgrovemtl.com\/wp-content\/uploads\/2025\/02\/HomeImage-480x487.webp 480w\" sizes=\"(min-width: 0px) and (max-width: 480px) 480px, (min-width: 481px) and (max-width: 980px) 980px, (min-width: 981px) 1000px, 100vw\" class=\"wp-image-70\" \/><\/span><\/div>\n<\/div>\n<\/div>\n<\/div>\n\n<div class=\"et_pb_section_1 et_pb_section et_section_regular et_flex_section preset--module--divi-section--4e9tj18acc\">\n<div class=\"et_pb_row_1 et_pb_row et_flex_row\">\n<div class=\"et_pb_column_2 et_pb_column et_flex_column et_pb_css_mix_blend_mode_passthrough et_flex_column_24_24 et_flex_column_24_24_tablet et_flex_column_24_24_phone\">\n<div class=\"et_pb_image_1 et_pb_image et_pb_module et_flex_module\"><span class=\"et_pb_image_wrap\"><img loading=\"lazy\" decoding=\"async\" src=\"https:\/\/greenwoodgrovemtl.com\/wp-content\/uploads\/2025\/02\/MeditationWomanB.webp\" title=\"MeditationWomanB\" width=\"1000\" height=\"1045\" srcset=\"https:\/\/greenwoodgrovemtl.com\/wp-content\/uploads\/2025\/02\/MeditationWomanB.webp 1000w, https:\/\/greenwoodgrovemtl.com\/wp-content\/uploads\/2025\/02\/MeditationWomanB-980x1024.webp 980w, https:\/\/greenwoodgrovemtl.com\/wp-content\/uploads\/2025\/02\/MeditationWomanB-480x502.webp 480w\" sizes=\"(min-width: 0px) and (max-width: 480px) 480px, (min-width: 481px) and (max-width: 980px) 980px, (min-width: 981px) 1000px, 100vw\" class=\"wp-image-74\" \/><\/span><\/div>\n<\/div>\n\n<div class=\"et_pb_column_3 et_pb_column et-last-child et_flex_column et_pb_css_mix_blend_mode_passthrough et_flex_column_24_24 et_flex_column_24_24_tablet et_flex_column_24_24_phone\">\n<div class=\"et_pb_text_2 et_pb_text et_pb_bg_layout_light et_pb_module et_flex_module preset--module--divi-text--4ee66a6e-2cfd-4fff-8c65-7f384f1d5cbf\"><div class=\"et_pb_text_inner\"><h2>Ce que nous faisons<\/h2>\n<\/div><\/div>\n\n<div class=\"et_pb_text_3 et_pb_text et_pb_bg_layout_light et_pb_module et_flex_module preset--module--divi-text--79b42c5e-3bc8-4d05-ab1d-5187f93b0b72\"><div class=\"et_pb_text_inner\"><p>Au Greenwood Grove, nous croyons qu'il faut prendre soin de la personne dans son int\u00e9gralit\u00e9 : corps, esprit et \u00e2me. Nous vous invitons \u00e0 nous rejoindre dans cette aventure enrichissante pour cultiver une vie d'\u00e9quilibre, de vitalit\u00e9 et d'harmonie int\u00e9rieure.<\/p>\n<p>B\u00e9n\u00e9dictions \u00e0 tous !<\/p>\n<\/div><\/div>\n\n<div class=\"et_pb_module et_pb_button_module_wrapper et_pb_button_1_wrapper preset--module--divi-button--default_wrapper\"><a class=\"et_pb_button_1 et_pb_button et_pb_bg_layout_light et_pb_bg_layout_dark_hover et_pb_module et_flex_module preset--module--divi-button--default\" href=\"https:\/\/greenwoodgrovemtl.com\/fr\/ressources\/\">Ressources<\/a><\/div>\n<\/div>\n<\/div>\n<\/div>\n\n<div class=\"et_pb_section_2 et_pb_section et_section_regular et_flex_section preset--module--divi-section--4e9tj18acc\">\n<div class=\"et_pb_row_2 et_pb_row et_flex_row\">\n<div class=\"et_pb_column_4 et_pb_column et_flex_column et_pb_css_mix_blend_mode_passthrough et_flex_column_24_24 et_flex_column_24_24_tablet et_flex_column_24_24_phone\">\n<div class=\"et_pb_text_4 et_pb_text et_pb_bg_layout_light et_pb_module et_flex_module preset--module--divi-text--4ee66a6e-2cfd-4fff-8c65-7f384f1d5cbf\"><div class=\"et_pb_text_inner\"><h2 style=\"text-align: center;\">Ce que nous faisons<\/h2>\n<\/div><\/div>\n\n<div class=\"et_pb_text_5 et_pb_text et_pb_bg_layout_light et_pb_module et_flex_module preset--module--divi-text--79b42c5e-3bc8-4d05-ab1d-5187f93b0b72\"><div class=\"et_pb_text_inner\"><p style=\"text-align: center;\">Au Greenwood Grove, nous croyons qu'il faut prendre soin de la personne dans son int\u00e9gralit\u00e9 : corps, esprit et \u00e2me. Nous vous invitons \u00e0 nous rejoindre dans cette aventure enrichissante pour cultiver une vie d'\u00e9quilibre, de vitalit\u00e9 et d'harmonie int\u00e9rieure.<\/p>\n<p style=\"text-align: center;\">B\u00e9n\u00e9dictions \u00e0 tous !<\/p>\n<\/div><\/div>\n\n<div class=\"et_pb_module et_pb_button_module_wrapper et_pb_button_2_wrapper preset--module--divi-button--default_wrapper\"><a class=\"et_pb_button_2 et_pb_button et_pb_bg_layout_light et_pb_bg_layout_dark_hover et_pb_module et_flex_module preset--module--divi-button--default\" href=\"https:\/\/greenwoodgrovemtl.com\/fr\/ressources\/\">Ressources<\/a><\/div>\n<\/div>\n\n<div class=\"et_pb_column_5 et_pb_column et-last-child et_flex_column et_pb_css_mix_blend_mode_passthrough et_flex_column_24_24 et_flex_column_24_24_tablet et_flex_column_24_24_phone\">\n<div class=\"et_pb_image_2 et_pb_image et_pb_module et_flex_module\"><span class=\"et_pb_image_wrap\"><img loading=\"lazy\" decoding=\"async\" src=\"https:\/\/greenwoodgrovemtl.com\/wp-content\/uploads\/2025\/02\/MeditationWomanB-287x300.webp\" title=\"MeditationWomanB\" width=\"287\" height=\"300\" srcset=\"https:\/\/greenwoodgrovemtl.com\/wp-content\/uploads\/2025\/02\/MeditationWomanB-287x300.webp 287w\" class=\"wp-image-75\" \/><\/span><\/div>\n<\/div>\n<\/div>\n<\/div>\n\n<div class=\"et_pb_section_3 et_pb_section et_section_regular et_flex_section\">\n<div class=\"et_pb_row_3 et_pb_row et_flex_row\">\n<div class=\"et_pb_column_6 et_pb_column et_flex_column et_pb_css_mix_blend_mode_passthrough et_flex_column_24_24 et_flex_column_24_24_tablet et_flex_column_24_24_phone\">\n<div class=\"et_pb_image_3 et_pb_image et_pb_module et_flex_module\"><span class=\"et_pb_image_wrap\"><img loading=\"lazy\" decoding=\"async\" src=\"https:\/\/greenwoodgrovemtl.com\/wp-content\/uploads\/2025\/02\/CalendarIconG.png\" title=\"CalendarIconG\" width=\"90\" height=\"90\" srcset=\"https:\/\/greenwoodgrovemtl.com\/wp-content\/uploads\/2025\/02\/CalendarIconG.png 90w\" sizes=\"(max-width: 90px) 100vw, 90px\" class=\"wp-image-79\" \/><\/span><\/div>\n\n<div class=\"et_pb_text_6 et_pb_text et_pb_bg_layout_light et_pb_module et_flex_module preset--module--divi-text--d2bd208d-c6aa-4359-9251-5d4f460e366d\"><div class=\"et_pb_text_inner\"><h3>Calendrier des \u00e9v\u00e9nements<\/h3>\n<\/div><\/div>\n\n<div class=\"et_pb_text_7 et_pb_text et_pb_bg_layout_light et_pb_module et_flex_module preset--module--divi-text--79b42c5e-3bc8-4d05-ab1d-5187f93b0b72\"><div class=\"et_pb_text_inner\"><p>Nous avons un calendrier d\u2019\u00e9v\u00e9nements festifs et chaleureux pour notre communaut\u00e9.<\/p>\n<\/div><\/div>\n\n<div class=\"et_pb_module et_pb_button_module_wrapper et_pb_button_3_wrapper preset--module--divi-button--0989156b-e7ed-491e-969e-88735e556f8b_wrapper\"><a class=\"et_pb_button_3 et_pb_button et_pb_bg_layout_light et_pb_module et_flex_module preset--module--divi-button--0989156b-e7ed-491e-969e-88735e556f8b\" href=\"https:\/\/greenwoodgrovemtl.com\/fr\/events\/\">Nos \u00c9v\u00e9nements<\/a><\/div>\n<\/div>\n\n<div class=\"et_pb_column_7 et_pb_column et_flex_column et_pb_css_mix_blend_mode_passthrough et_flex_column_24_24 et_flex_column_24_24_tablet et_flex_column_24_24_phone\">\n<div class=\"et_pb_image_4 et_pb_image et_pb_module et_flex_module\"><span class=\"et_pb_image_wrap\"><img loading=\"lazy\" decoding=\"async\" src=\"https:\/\/greenwoodgrovemtl.com\/wp-content\/uploads\/2025\/02\/Community-Icon.png\" title=\"Community Icon\" width=\"90\" height=\"90\" srcset=\"https:\/\/greenwoodgrovemtl.com\/wp-content\/uploads\/2025\/02\/Community-Icon.png 90w\" sizes=\"(max-width: 90px) 100vw, 90px\" class=\"wp-image-329\" \/><\/span><\/div>\n\n<div class=\"et_pb_text_8 et_pb_text et_pb_bg_layout_light et_pb_module et_flex_module preset--module--divi-text--d2bd208d-c6aa-4359-9251-5d4f460e366d\"><div class=\"et_pb_text_inner\"><h3>Communaut\u00e9<\/h3>\n<\/div><\/div>\n\n<div class=\"et_pb_text_9 et_pb_text et_pb_bg_layout_light et_pb_module et_flex_module preset--module--divi-text--79b42c5e-3bc8-4d05-ab1d-5187f93b0b72\"><div class=\"et_pb_text_inner\"><p>D\u00e9couvrez une communaut\u00e9 riche et accueillante d'amis et de tradition spirituelle.<\/p>\n<\/div><\/div>\n<\/div>\n\n<div class=\"et_pb_column_8 et_pb_column et-last-child et_flex_column et_pb_css_mix_blend_mode_passthrough et_flex_column_24_24 et_flex_column_24_24_tablet et_flex_column_24_24_phone\">\n<div class=\"et_pb_image_5 et_pb_image et_pb_module et_flex_module\"><span class=\"et_pb_image_wrap\"><img loading=\"lazy\" decoding=\"async\" src=\"https:\/\/greenwoodgrovemtl.com\/wp-content\/uploads\/2025\/02\/Location-Icon-1.png\" title=\"Location Icon\" width=\"90\" height=\"90\" srcset=\"https:\/\/greenwoodgrovemtl.com\/wp-content\/uploads\/2025\/02\/Location-Icon-1.png 90w\" sizes=\"(max-width: 90px) 100vw, 90px\" class=\"wp-image-333\" \/><\/span><\/div>\n\n<div class=\"et_pb_text_10 et_pb_text et_pb_bg_layout_light et_pb_module et_flex_module preset--module--divi-text--d2bd208d-c6aa-4359-9251-5d4f460e366d\"><div class=\"et_pb_text_inner\"><h3>Espace Unique<\/h3>\n<\/div><\/div>\n\n<div class=\"et_pb_text_11 et_pb_text et_pb_bg_layout_light et_pb_module et_flex_module preset--module--divi-text--79b42c5e-3bc8-4d05-ab1d-5187f93b0b72\"><div class=\"et_pb_text_inner\"><p>D\u00e9couvrez notre emplacement et notre espace uniques con\u00e7us pour nos membres<\/p>\n<\/div><\/div>\n\n<div class=\"et_pb_module et_pb_button_module_wrapper et_pb_button_4_wrapper preset--module--divi-button--0989156b-e7ed-491e-969e-88735e556f8b_wrapper\"><a class=\"et_pb_button_4 et_pb_button et_pb_bg_layout_light et_pb_module et_flex_module preset--module--divi-button--0989156b-e7ed-491e-969e-88735e556f8b\" href=\"https:\/\/www.google.com\/maps\/place\/1560+Chem.+Herron,+Dorval,+QC+H9S+2X2\/@45.4486443,-73.7679642,16z\/\" target=\"_blank\">Voir sur la carte<\/a><\/div>\n<\/div>\n<\/div>\n<\/div>\n\n<div class=\"et_pb_section_4 et_pb_section et_pb_fullwidth_section et_section_regular et_flex_section\">\n<div class=\"et_pb_fullwidth_image_0 et_pb_fullwidth_image et_pb_module\"><img loading=\"lazy\" decoding=\"async\" src=\"https:\/\/greenwoodgrovemtl.com\/wp-content\/uploads\/2025\/04\/GroveMapOfflineV2.webp\" title=\"GroveMapOfflineV2\" width=\"1570\" height=\"534\" srcset=\"https:\/\/greenwoodgrovemtl.com\/wp-content\/uploads\/2025\/04\/GroveMapOfflineV2.webp 1570w, https:\/\/greenwoodgrovemtl.com\/wp-content\/uploads\/2025\/04\/GroveMapOfflineV2-1280x435.webp 1280w, https:\/\/greenwoodgrovemtl.com\/wp-content\/uploads\/2025\/04\/GroveMapOfflineV2-980x333.webp 980w, https:\/\/greenwoodgrovemtl.com\/wp-content\/uploads\/2025\/04\/GroveMapOfflineV2-480x163.webp 480w\" sizes=\"(min-width: 0px) and (max-width: 480px) 480px, (min-width: 481px) and (max-width: 980px) 980px, (min-width: 981px) and (max-width: 1280px) 1280px, (min-width: 1281px) 1570px, 100vw\" class=\"wp-image-500 wp-image-340\" \/><\/div>\n<\/div>","protected":false},"excerpt":{"rendered":"","protected":false},"author":1,"featured_media":0,"parent":0,"menu_order":0,"comment_status":"closed","ping_status":"closed","template":"","meta":{"_price":"","_stock":"","_tribe_ticket_header":"","_tribe_default_ticket_provider":"","_tribe_ticket_capacity":"0","_ticket_start_date":"","_ticket_end_date":"","_tribe_ticket_show_description":"","_tribe_ticket_show_not_going":false,"_tribe_ticket_use_global_stock":"","_tribe_ticket_global_stock_level":"","_global_stock_mode":"","_global_stock_cap":"","_tribe_rsvp_for_event":"","_tribe_ticket_going_count":"","_tribe_ticket_not_going_count":"","_tribe_tickets_list":"[]","_tribe_ticket_has_attendee_info_fields":false,"footnotes":"","_tec_slr_enabled":"","_tec_slr_layout":""},"class_list":["post-296","page","type-page","status-publish","hentry"],"yoast_head":"<!-- This site is optimized with the Yoast SEO plugin v27.2 - https:\/\/yoast.com\/product\/yoast-seo-wordpress\/ -->\n<title>Accueil - Greenwood Grove Montreal<\/title>\n<meta name=\"robots\" content=\"index, follow, max-snippet:-1, max-image-preview:large, max-video-preview:-1\" \/>\n<link rel=\"canonical\" href=\"https:\/\/greenwoodgrovemtl.com\/fr\/\" \/>\n<meta property=\"og:locale\" content=\"fr_FR\" \/>\n<meta property=\"og:type\" content=\"article\" \/>\n<meta property=\"og:title\" content=\"Accueil - Greenwood Grove Montreal\" \/>\n<meta property=\"og:url\" content=\"https:\/\/greenwoodgrovemtl.com\/fr\/\" \/>\n<meta property=\"og:site_name\" content=\"Greenwood Grove Montreal\" \/>\n<meta property=\"article:publisher\" content=\"https:\/\/www.facebook.com\/profile.php?id=61551071290539\" \/>\n<meta property=\"article:modified_time\" content=\"2025-04-06T23:40:44+00:00\" \/>\n<meta name=\"twitter:card\" content=\"summary_large_image\" \/>\n<script type=\"application\/ld+json\" class=\"yoast-schema-graph\">{\"@context\":\"https:\/\/schema.org\",\"@graph\":[{\"@type\":\"WebPage\",\"@id\":\"https:\/\/greenwoodgrovemtl.com\/fr\/\",\"url\":\"https:\/\/greenwoodgrovemtl.com\/fr\/\",\"name\":\"Accueil - Greenwood Grove Montreal\",\"isPartOf\":{\"@id\":\"https:\/\/greenwoodgrovemtl.com\/fr\/#website\"},\"datePublished\":\"2025-02-22T23:14:46+00:00\",\"dateModified\":\"2025-04-06T23:40:44+00:00\",\"breadcrumb\":{\"@id\":\"https:\/\/greenwoodgrovemtl.com\/fr\/#breadcrumb\"},\"inLanguage\":\"fr-FR\",\"potentialAction\":[{\"@type\":\"ReadAction\",\"target\":[\"https:\/\/greenwoodgrovemtl.com\/fr\/\"]}]},{\"@type\":\"BreadcrumbList\",\"@id\":\"https:\/\/greenwoodgrovemtl.com\/fr\/#breadcrumb\",\"itemListElement\":[{\"@type\":\"ListItem\",\"position\":1,\"name\":\"Home\",\"item\":\"https:\/\/greenwoodgrovemtl.com\/fr\/\"},{\"@type\":\"ListItem\",\"position\":2,\"name\":\"Accueil\"}]},{\"@type\":\"WebSite\",\"@id\":\"https:\/\/greenwoodgrovemtl.com\/fr\/#website\",\"url\":\"https:\/\/greenwoodgrovemtl.com\/fr\/\",\"name\":\"Greenwood Grove Montreal\",\"description\":\"Holistic Wellness and Spiritual Center\",\"publisher\":{\"@id\":\"https:\/\/greenwoodgrovemtl.com\/fr\/#organization\"},\"potentialAction\":[{\"@type\":\"SearchAction\",\"target\":{\"@type\":\"EntryPoint\",\"urlTemplate\":\"https:\/\/greenwoodgrovemtl.com\/fr\/?s={search_term_string}\"},\"query-input\":{\"@type\":\"PropertyValueSpecification\",\"valueRequired\":true,\"valueName\":\"search_term_string\"}}],\"inLanguage\":\"fr-FR\"},{\"@type\":\"Organization\",\"@id\":\"https:\/\/greenwoodgrovemtl.com\/fr\/#organization\",\"name\":\"Greenwood Grove Montreal\",\"url\":\"https:\/\/greenwoodgrovemtl.com\/fr\/\",\"logo\":{\"@type\":\"ImageObject\",\"inLanguage\":\"fr-FR\",\"@id\":\"https:\/\/greenwoodgrovemtl.com\/fr\/#\/schema\/logo\/image\/\",\"url\":\"https:\/\/greenwoodgrovemtl.com\/wp-content\/uploads\/2025\/02\/GreenwoodGroveLogoCircle.jpg\",\"contentUrl\":\"https:\/\/greenwoodgrovemtl.com\/wp-content\/uploads\/2025\/02\/GreenwoodGroveLogoCircle.jpg\",\"width\":960,\"height\":960,\"caption\":\"Greenwood Grove Montreal\"},\"image\":{\"@id\":\"https:\/\/greenwoodgrovemtl.com\/fr\/#\/schema\/logo\/image\/\"},\"sameAs\":[\"https:\/\/www.facebook.com\/profile.php?id=61551071290539\"]}]}<\/script>\n<!-- \/ Yoast SEO plugin. -->","yoast_head_json":{"title":"Accueil - Greenwood Grove Montreal","robots":{"index":"index","follow":"follow","max-snippet":"max-snippet:-1","max-image-preview":"max-image-preview:large","max-video-preview":"max-video-preview:-1"},"canonical":"https:\/\/greenwoodgrovemtl.com\/fr\/","og_locale":"fr_FR","og_type":"article","og_title":"Accueil - Greenwood Grove Montreal","og_url":"https:\/\/greenwoodgrovemtl.com\/fr\/","og_site_name":"Greenwood Grove Montreal","article_publisher":"https:\/\/www.facebook.com\/profile.php?id=61551071290539","article_modified_time":"2025-04-06T23:40:44+00:00","twitter_card":"summary_large_image","schema":{"@context":"https:\/\/schema.org","@graph":[{"@type":"WebPage","@id":"https:\/\/greenwoodgrovemtl.com\/fr\/","url":"https:\/\/greenwoodgrovemtl.com\/fr\/","name":"Accueil - Greenwood Grove Montreal","isPartOf":{"@id":"https:\/\/greenwoodgrovemtl.com\/fr\/#website"},"datePublished":"2025-02-22T23:14:46+00:00","dateModified":"2025-04-06T23:40:44+00:00","breadcrumb":{"@id":"https:\/\/greenwoodgrovemtl.com\/fr\/#breadcrumb"},"inLanguage":"fr-FR","potentialAction":[{"@type":"ReadAction","target":["https:\/\/greenwoodgrovemtl.com\/fr\/"]}]},{"@type":"BreadcrumbList","@id":"https:\/\/greenwoodgrovemtl.com\/fr\/#breadcrumb","itemListElement":[{"@type":"ListItem","position":1,"name":"Home","item":"https:\/\/greenwoodgrovemtl.com\/fr\/"},{"@type":"ListItem","position":2,"name":"Accueil"}]},{"@type":"WebSite","@id":"https:\/\/greenwoodgrovemtl.com\/fr\/#website","url":"https:\/\/greenwoodgrovemtl.com\/fr\/","name":"Greenwood Grove Montreal","description":"Holistic Wellness and Spiritual Center","publisher":{"@id":"https:\/\/greenwoodgrovemtl.com\/fr\/#organization"},"potentialAction":[{"@type":"SearchAction","target":{"@type":"EntryPoint","urlTemplate":"https:\/\/greenwoodgrovemtl.com\/fr\/?s={search_term_string}"},"query-input":{"@type":"PropertyValueSpecification","valueRequired":true,"valueName":"search_term_string"}}],"inLanguage":"fr-FR"},{"@type":"Organization","@id":"https:\/\/greenwoodgrovemtl.com\/fr\/#organization","name":"Greenwood Grove Montreal","url":"https:\/\/greenwoodgrovemtl.com\/fr\/","logo":{"@type":"ImageObject","inLanguage":"fr-FR","@id":"https:\/\/greenwoodgrovemtl.com\/fr\/#\/schema\/logo\/image\/","url":"https:\/\/greenwoodgrovemtl.com\/wp-content\/uploads\/2025\/02\/GreenwoodGroveLogoCircle.jpg","contentUrl":"https:\/\/greenwoodgrovemtl.com\/wp-content\/uploads\/2025\/02\/GreenwoodGroveLogoCircle.jpg","width":960,"height":960,"caption":"Greenwood Grove Montreal"},"image":{"@id":"https:\/\/greenwoodgrovemtl.com\/fr\/#\/schema\/logo\/image\/"},"sameAs":["https:\/\/www.facebook.com\/profile.php?id=61551071290539"]}]}},"ticketed":false,"_links":{"self":[{"href":"https:\/\/greenwoodgrovemtl.com\/fr\/wp-json\/wp\/v2\/pages\/296","targetHints":{"allow":["GET"]}}],"collection":[{"href":"https:\/\/greenwoodgrovemtl.com\/fr\/wp-json\/wp\/v2\/pages"}],"about":[{"href":"https:\/\/greenwoodgrovemtl.com\/fr\/wp-json\/wp\/v2\/types\/page"}],"author":[{"embeddable":true,"href":"https:\/\/greenwoodgrovemtl.com\/fr\/wp-json\/wp\/v2\/users\/1"}],"replies":[{"embeddable":true,"href":"https:\/\/greenwoodgrovemtl.com\/fr\/wp-json\/wp\/v2\/comments?post=296"}],"version-history":[{"count":10,"href":"https:\/\/greenwoodgrovemtl.com\/fr\/wp-json\/wp\/v2\/pages\/296\/revisions"}],"predecessor-version":[{"id":502,"href":"https:\/\/greenwoodgrovemtl.com\/fr\/wp-json\/wp\/v2\/pages\/296\/revisions\/502"}],"wp:attachment":[{"href":"https:\/\/greenwoodgrovemtl.com\/fr\/wp-json\/wp\/v2\/media?parent=296"}],"curies":[{"name":"wp","href":"https:\/\/api.w.org\/{rel}","templated":true}]}}