{"id":292,"date":"2025-02-22T18:17:14","date_gmt":"2025-02-22T23:17:14","guid":{"rendered":"https:\/\/greenwoodgrovemtl.com\/contact\/"},"modified":"2025-04-07T10:25:21","modified_gmt":"2025-04-07T14:25:21","slug":"contact","status":"publish","type":"page","link":"https:\/\/greenwoodgrovemtl.com\/fr\/contact\/","title":{"rendered":"Contact"},"content":{"rendered":"<div class=\"et_pb_section_0 et_pb_section et_section_regular et_flex_section\">\n<div class=\"et_pb_row_0 et_pb_row et_flex_row\">\n<div class=\"et_pb_column_0 et_pb_column et-last-child et_flex_column et_pb_css_mix_blend_mode_passthrough et_flex_column_24_24 et_flex_column_24_24_tablet et_flex_column_24_24_phone\">\n<div class=\"et_pb_text_0 et_pb_text et_pb_bg_layout_light et_pb_module et_flex_module preset--module--divi-text--75d480b0-33c2-45ba-9399-59933e8c935f\"><div class=\"et_pb_text_inner\"><h1>Contact Us<\/h1>\n<\/div><\/div>\n<\/div>\n<\/div>\n\n<div class=\"et_pb_row_1 et_pb_row et_flex_row\">\n<div class=\"et_pb_column_1 et_pb_column et_flex_column et_pb_css_mix_blend_mode_passthrough et_flex_column_24_24 et_flex_column_24_24_tablet et_flex_column_24_24_phone\">\n<div class=\"et_pb_blurb_0 et_pb_blurb et_pb_bg_layout_light et_pb_blurb_position_left et_pb_module et_flex_module preset--module--divi-blurb--49fc03e7-92b6-4fcc-a1fd-37f52fbe50d4\"><div class=\"et_pb_blurb_content et_flex_module\"><div class=\"et_pb_main_blurb_image\"><span class=\"et_pb_image_wrap\"><span class=\"et-pb-icon\">\ue076<\/span><\/span><\/div><div class=\"et_pb_blurb_container\"><h4 class=\"et_pb_module_header\">Courriel<\/h4><div class=\"et_pb_blurb_description\"><p style=\"text-align: left;\"><a href=\"mailto:#\">info@greenwoodgrovemtl.com<\/a><\/p>\n<\/div><\/div><\/div><\/div>\n<\/div>\n\n<div class=\"et_pb_column_2 et_pb_column et_flex_column et_pb_css_mix_blend_mode_passthrough et_flex_column_24_24 et_flex_column_24_24_tablet et_flex_column_24_24_phone\">\n<div class=\"et_pb_module et_pb_button_module_wrapper et_pb_button_0_wrapper preset--module--divi-button--default_wrapper\"><a class=\"et_pb_button_0 et_pb_button et_pb_bg_layout_light et_pb_bg_layout_dark_hover et_pb_module et_flex_module preset--module--divi-button--default\" href=\"mailto:info@greenwoodgrovemtl.com\" target=\"_blank\">Envoyer courriel<\/a><\/div>\n<\/div>\n\n<div class=\"et_pb_column_3 et_pb_column et_flex_column et_pb_css_mix_blend_mode_passthrough et_flex_column_24_24 et_flex_column_24_24_tablet et_flex_column_24_24_phone\">\n<div class=\"et_pb_blurb_1 et_pb_blurb et_pb_bg_layout_light et_pb_blurb_position_left et_pb_module et_flex_module preset--module--divi-blurb--49fc03e7-92b6-4fcc-a1fd-37f52fbe50d4\"><div class=\"et_pb_blurb_content et_flex_module\"><div class=\"et_pb_main_blurb_image\"><span class=\"et_pb_image_wrap\"><span class=\"et-pb-icon\">\ue074<\/span><\/span><\/div><div class=\"et_pb_blurb_container\"><h4 class=\"et_pb_module_header\">Adresse<\/h4><div class=\"et_pb_blurb_description\"><p>1562 Chem. Herron,<br \/>Suite 207<br \/>Dorval, QC H9S 2X2<\/p>\n<\/div><\/div><\/div><\/div>\n<\/div>\n\n<div class=\"et_pb_column_4 et_pb_column et-last-child et_flex_column et_pb_css_mix_blend_mode_passthrough et_flex_column_24_24 et_flex_column_24_24_tablet et_flex_column_24_24_phone\">\n<div class=\"et_pb_module et_pb_button_module_wrapper et_pb_button_1_wrapper preset--module--divi-button--default_wrapper\"><a class=\"et_pb_button_1 et_pb_button et_pb_bg_layout_light et_pb_bg_layout_dark_hover et_pb_module et_flex_module preset--module--divi-button--default\" href=\"https:\/\/www.google.com\/maps\/place\/1562+Chem.+Herron,+Dorval,+QC+H9S+2X2\/@45.4486443,-73.7679642,16z\/\" target=\"_blank\">Voir sur la carte<\/a><\/div>\n<\/div>\n<\/div>\n<\/div>\n\n<div class=\"et_pb_section_1 et_pb_section et_section_regular et_flex_section\">\n<div class=\"et_pb_row_2 et_pb_row et_flex_row\">\n<div class=\"et_pb_column_5 et_pb_column et-last-child et_flex_column et_pb_css_mix_blend_mode_passthrough et_flex_column_24_24 et_flex_column_24_24_tablet et_flex_column_24_24_phone\">\n<div class=\"et_pb_text_1 et_pb_text et_pb_bg_layout_light et_pb_module et_flex_module\"><div class=\"et_pb_text_inner\"><p>Vous pouvez nous envoyer un message via le formulaire ci-dessous.<br \/>Veuillez laisser votre nom et votre adresse e-mail, ainsi que votre message, afin que nous puissions r\u00e9pondre \u00e0 votre demande.<\/p>\n<\/div><\/div>\n\n<div class=\"et_pb_contact_form_0 et_pb_contact_form_container clearfix et_pb_module et_flex_module preset--module--divi-contact-form--1f008be5-7029-497a-b6de-082af2f38262\" data-form_unique_num=\"0\" data-form_unique_id=\"7067d836e5cc6b8d0df5f1ee01accc26\" id=\"et_pb_contact_form_7067d836e5cc6b8d0df5f1ee01accc26\"><div class=\"et-pb-contact-message\"><\/div><div class=\"et_pb_contact\"><form class=\"et_pb_contact_form et_flex_module\" method=\"post\" action=\"https:\/\/greenwoodgrovemtl.com\/fr\/wp-json\/wp\/v2\/pages\/292\">\n<div class=\"et_pb_contact_field_0 et_pb_contact_field et_pb_module et_flex_module et_flex_column_24_24 et_flex_column_24_24_tablet et_flex_column_24_24_phone\" data-id=\"name\" data-type=\"input\"><label class=\"et_pb_contact_form_label\" for=\"et_pb_contact_0_name_0\">Name<\/label><input type=\"text\" name=\"et_pb_contact_0_name_0\" id=\"et_pb_contact_0_name_0\" class=\"input\" data-required_mark=\"required\" data-field_type=\"input\" data-original_id=\"name\" placeholder=\"Name\" title=\"\" value=\"\" \/><\/div>\n\n<div class=\"et_pb_contact_field_1 et_pb_contact_field et_pb_module et_flex_module et_flex_column_24_24 et_flex_column_24_24_tablet et_flex_column_24_24_phone\" data-id=\"email\" data-type=\"email\"><label class=\"et_pb_contact_form_label\" for=\"et_pb_contact_0_email_1\">Email Address<\/label><input type=\"text\" name=\"et_pb_contact_0_email_1\" id=\"et_pb_contact_0_email_1\" class=\"input\" data-required_mark=\"required\" data-field_type=\"email\" data-original_id=\"email\" placeholder=\"Email Address\" title=\"\" value=\"\" \/><\/div>\n\n<div class=\"et_pb_contact_field_2 et_pb_contact_field et_pb_module et_flex_module et_flex_column_24_24 et_flex_column_24_24_tablet et_flex_column_24_24_phone\" data-id=\"message\" data-type=\"text\"><label class=\"et_pb_contact_form_label\" for=\"et_pb_contact_0_message_2\">Message<\/label><textarea name=\"et_pb_contact_0_message_2\" id=\"et_pb_contact_0_message_2\" class=\"et_pb_contact_message input\" data-required_mark=\"required\" data-field_type=\"text\" data-original_id=\"message\" placeholder=\"Message\"><\/textarea><\/div>\n<input type=\"hidden\" name=\"et_pb_contactform_submit_7067d836e5cc6b8d0df5f1ee01accc26\" value=\"et_contact_proccess\" \/><div class=\"et_contact_bottom_container\"><div class=\"et_pb_button_wrapper\"><button type=\"submit\" name=\"et_builder_submit_button\" class=\"et_pb_button et_pb_contact_submit\">Submit<\/button><\/div><\/div><input type=\"hidden\" id=\"_wpnonce-et-pb-contact-form-submitted-7067d836e5cc6b8d0df5f1ee01accc26\" name=\"_wpnonce-et-pb-contact-form-submitted-7067d836e5cc6b8d0df5f1ee01accc26\" value=\"951fd83fd9\" \/><input type=\"hidden\" name=\"_wp_http_referer\" value=\"\/fr\/wp-json\/wp\/v2\/pages\/292\" \/><\/form><\/div><\/div>\n<\/div>\n<\/div>\n<\/div>\n\n<div class=\"et_pb_section_2 et_pb_section et_section_regular et_flex_section\">\n<div class=\"et_pb_row_3 et_pb_row et_flex_row\">\n<div class=\"et_pb_column_6 et_pb_column et-last-child et_flex_column et_pb_css_mix_blend_mode_passthrough et_flex_column_24_24 et_flex_column_24_24_tablet et_flex_column_24_24_phone\">\n<div class=\"et_pb_text_2 et_pb_text et_pb_bg_layout_light et_pb_module et_flex_module preset--module--divi-text--4ee66a6e-2cfd-4fff-8c65-7f384f1d5cbf\"><div class=\"et_pb_text_inner\"><h2>Questions fr\u00e9quemment pos\u00e9es<\/h2>\n<\/div><\/div>\n\n<div class=\"et_pb_text_3 et_pb_text et_pb_bg_layout_light et_pb_module et_flex_module\"><div class=\"et_pb_text_inner\"><p><strong>Q\u00a0: Je ne suis pas Wiccan. Puis-je quand m\u00eame assister \u00e0 des foires et \u00e0 des \u00e9v\u00e9nements publics\u00a0?<\/strong><\/p>\n<p>R\u00a0: Bien s\u00fbr\u00a0! Le Greenwood Grove est ouvert \u00e0 tous ceux qui souhaitent participer \u00e0 des ateliers, des foires ou des sabbats publics\u00a0?<\/p>\n<\/div><\/div>\n<\/div>\n<\/div>\n<\/div>","protected":false},"excerpt":{"rendered":"","protected":false},"author":1,"featured_media":0,"parent":0,"menu_order":0,"comment_status":"closed","ping_status":"closed","template":"","meta":{"_price":"","_stock":"","_tribe_ticket_header":"","_tribe_default_ticket_provider":"","_tribe_ticket_capacity":"0","_ticket_start_date":"","_ticket_end_date":"","_tribe_ticket_show_description":"","_tribe_ticket_show_not_going":false,"_tribe_ticket_use_global_stock":"","_tribe_ticket_global_stock_level":"","_global_stock_mode":"","_global_stock_cap":"","_tribe_rsvp_for_event":"","_tribe_ticket_going_count":"","_tribe_ticket_not_going_count":"","_tribe_tickets_list":"[]","_tribe_ticket_has_attendee_info_fields":false,"footnotes":"","_tec_slr_enabled":"","_tec_slr_layout":""},"class_list":["post-292","page","type-page","status-publish","hentry"],"yoast_head":"<!-- This site is optimized with the Yoast SEO plugin v27.2 - https:\/\/yoast.com\/product\/yoast-seo-wordpress\/ -->\n<title>Contact - Greenwood Grove Montreal<\/title>\n<meta name=\"robots\" content=\"index, follow, max-snippet:-1, max-image-preview:large, max-video-preview:-1\" \/>\n<link rel=\"canonical\" href=\"https:\/\/greenwoodgrovemtl.com\/fr\/contact\/\" \/>\n<meta property=\"og:locale\" content=\"fr_FR\" \/>\n<meta property=\"og:type\" content=\"article\" \/>\n<meta property=\"og:title\" content=\"Contact - Greenwood Grove Montreal\" \/>\n<meta property=\"og:url\" content=\"https:\/\/greenwoodgrovemtl.com\/fr\/contact\/\" \/>\n<meta property=\"og:site_name\" content=\"Greenwood Grove Montreal\" \/>\n<meta property=\"article:publisher\" content=\"https:\/\/www.facebook.com\/profile.php?id=61551071290539\" \/>\n<meta property=\"article:modified_time\" content=\"2025-04-07T14:25:21+00:00\" \/>\n<meta name=\"twitter:card\" content=\"summary_large_image\" \/>\n<script type=\"application\/ld+json\" class=\"yoast-schema-graph\">{\"@context\":\"https:\/\/schema.org\",\"@graph\":[{\"@type\":\"WebPage\",\"@id\":\"https:\/\/greenwoodgrovemtl.com\/fr\/contact\/\",\"url\":\"https:\/\/greenwoodgrovemtl.com\/fr\/contact\/\",\"name\":\"Contact - Greenwood Grove Montreal\",\"isPartOf\":{\"@id\":\"https:\/\/greenwoodgrovemtl.com\/fr\/#website\"},\"datePublished\":\"2025-02-22T23:17:14+00:00\",\"dateModified\":\"2025-04-07T14:25:21+00:00\",\"breadcrumb\":{\"@id\":\"https:\/\/greenwoodgrovemtl.com\/fr\/contact\/#breadcrumb\"},\"inLanguage\":\"fr-FR\",\"potentialAction\":[{\"@type\":\"ReadAction\",\"target\":[\"https:\/\/greenwoodgrovemtl.com\/fr\/contact\/\"]}]},{\"@type\":\"BreadcrumbList\",\"@id\":\"https:\/\/greenwoodgrovemtl.com\/fr\/contact\/#breadcrumb\",\"itemListElement\":[{\"@type\":\"ListItem\",\"position\":1,\"name\":\"Home\",\"item\":\"https:\/\/greenwoodgrovemtl.com\/fr\/\"},{\"@type\":\"ListItem\",\"position\":2,\"name\":\"Contact\"}]},{\"@type\":\"WebSite\",\"@id\":\"https:\/\/greenwoodgrovemtl.com\/fr\/#website\",\"url\":\"https:\/\/greenwoodgrovemtl.com\/fr\/\",\"name\":\"Greenwood Grove Montreal\",\"description\":\"Holistic Wellness and Spiritual Center\",\"publisher\":{\"@id\":\"https:\/\/greenwoodgrovemtl.com\/fr\/#organization\"},\"potentialAction\":[{\"@type\":\"SearchAction\",\"target\":{\"@type\":\"EntryPoint\",\"urlTemplate\":\"https:\/\/greenwoodgrovemtl.com\/fr\/?s={search_term_string}\"},\"query-input\":{\"@type\":\"PropertyValueSpecification\",\"valueRequired\":true,\"valueName\":\"search_term_string\"}}],\"inLanguage\":\"fr-FR\"},{\"@type\":\"Organization\",\"@id\":\"https:\/\/greenwoodgrovemtl.com\/fr\/#organization\",\"name\":\"Greenwood Grove Montreal\",\"url\":\"https:\/\/greenwoodgrovemtl.com\/fr\/\",\"logo\":{\"@type\":\"ImageObject\",\"inLanguage\":\"fr-FR\",\"@id\":\"https:\/\/greenwoodgrovemtl.com\/fr\/#\/schema\/logo\/image\/\",\"url\":\"https:\/\/greenwoodgrovemtl.com\/wp-content\/uploads\/2025\/02\/GreenwoodGroveLogoCircle.jpg\",\"contentUrl\":\"https:\/\/greenwoodgrovemtl.com\/wp-content\/uploads\/2025\/02\/GreenwoodGroveLogoCircle.jpg\",\"width\":960,\"height\":960,\"caption\":\"Greenwood Grove Montreal\"},\"image\":{\"@id\":\"https:\/\/greenwoodgrovemtl.com\/fr\/#\/schema\/logo\/image\/\"},\"sameAs\":[\"https:\/\/www.facebook.com\/profile.php?id=61551071290539\"]}]}<\/script>\n<!-- \/ Yoast SEO plugin. -->","yoast_head_json":{"title":"Contact - Greenwood Grove Montreal","robots":{"index":"index","follow":"follow","max-snippet":"max-snippet:-1","max-image-preview":"max-image-preview:large","max-video-preview":"max-video-preview:-1"},"canonical":"https:\/\/greenwoodgrovemtl.com\/fr\/contact\/","og_locale":"fr_FR","og_type":"article","og_title":"Contact - Greenwood Grove Montreal","og_url":"https:\/\/greenwoodgrovemtl.com\/fr\/contact\/","og_site_name":"Greenwood Grove Montreal","article_publisher":"https:\/\/www.facebook.com\/profile.php?id=61551071290539","article_modified_time":"2025-04-07T14:25:21+00:00","twitter_card":"summary_large_image","schema":{"@context":"https:\/\/schema.org","@graph":[{"@type":"WebPage","@id":"https:\/\/greenwoodgrovemtl.com\/fr\/contact\/","url":"https:\/\/greenwoodgrovemtl.com\/fr\/contact\/","name":"Contact - Greenwood Grove Montreal","isPartOf":{"@id":"https:\/\/greenwoodgrovemtl.com\/fr\/#website"},"datePublished":"2025-02-22T23:17:14+00:00","dateModified":"2025-04-07T14:25:21+00:00","breadcrumb":{"@id":"https:\/\/greenwoodgrovemtl.com\/fr\/contact\/#breadcrumb"},"inLanguage":"fr-FR","potentialAction":[{"@type":"ReadAction","target":["https:\/\/greenwoodgrovemtl.com\/fr\/contact\/"]}]},{"@type":"BreadcrumbList","@id":"https:\/\/greenwoodgrovemtl.com\/fr\/contact\/#breadcrumb","itemListElement":[{"@type":"ListItem","position":1,"name":"Home","item":"https:\/\/greenwoodgrovemtl.com\/fr\/"},{"@type":"ListItem","position":2,"name":"Contact"}]},{"@type":"WebSite","@id":"https:\/\/greenwoodgrovemtl.com\/fr\/#website","url":"https:\/\/greenwoodgrovemtl.com\/fr\/","name":"Greenwood Grove Montreal","description":"Holistic Wellness and Spiritual Center","publisher":{"@id":"https:\/\/greenwoodgrovemtl.com\/fr\/#organization"},"potentialAction":[{"@type":"SearchAction","target":{"@type":"EntryPoint","urlTemplate":"https:\/\/greenwoodgrovemtl.com\/fr\/?s={search_term_string}"},"query-input":{"@type":"PropertyValueSpecification","valueRequired":true,"valueName":"search_term_string"}}],"inLanguage":"fr-FR"},{"@type":"Organization","@id":"https:\/\/greenwoodgrovemtl.com\/fr\/#organization","name":"Greenwood Grove Montreal","url":"https:\/\/greenwoodgrovemtl.com\/fr\/","logo":{"@type":"ImageObject","inLanguage":"fr-FR","@id":"https:\/\/greenwoodgrovemtl.com\/fr\/#\/schema\/logo\/image\/","url":"https:\/\/greenwoodgrovemtl.com\/wp-content\/uploads\/2025\/02\/GreenwoodGroveLogoCircle.jpg","contentUrl":"https:\/\/greenwoodgrovemtl.com\/wp-content\/uploads\/2025\/02\/GreenwoodGroveLogoCircle.jpg","width":960,"height":960,"caption":"Greenwood Grove Montreal"},"image":{"@id":"https:\/\/greenwoodgrovemtl.com\/fr\/#\/schema\/logo\/image\/"},"sameAs":["https:\/\/www.facebook.com\/profile.php?id=61551071290539"]}]}},"ticketed":false,"_links":{"self":[{"href":"https:\/\/greenwoodgrovemtl.com\/fr\/wp-json\/wp\/v2\/pages\/292","targetHints":{"allow":["GET"]}}],"collection":[{"href":"https:\/\/greenwoodgrovemtl.com\/fr\/wp-json\/wp\/v2\/pages"}],"about":[{"href":"https:\/\/greenwoodgrovemtl.com\/fr\/wp-json\/wp\/v2\/types\/page"}],"author":[{"embeddable":true,"href":"https:\/\/greenwoodgrovemtl.com\/fr\/wp-json\/wp\/v2\/users\/1"}],"replies":[{"embeddable":true,"href":"https:\/\/greenwoodgrovemtl.com\/fr\/wp-json\/wp\/v2\/comments?post=292"}],"version-history":[{"count":5,"href":"https:\/\/greenwoodgrovemtl.com\/fr\/wp-json\/wp\/v2\/pages\/292\/revisions"}],"predecessor-version":[{"id":513,"href":"https:\/\/greenwoodgrovemtl.com\/fr\/wp-json\/wp\/v2\/pages\/292\/revisions\/513"}],"wp:attachment":[{"href":"https:\/\/greenwoodgrovemtl.com\/fr\/wp-json\/wp\/v2\/media?parent=292"}],"curies":[{"name":"wp","href":"https:\/\/api.w.org\/{rel}","templated":true}]}}